{"id":251,"date":"2021-08-11T13:42:21","date_gmt":"2021-08-11T18:42:21","guid":{"rendered":"https:\/\/internshipinmexico.com\/?page_id=251"},"modified":"2025-08-16T17:42:31","modified_gmt":"2025-08-16T23:42:31","slug":"frequently-asked-questions","status":"publish","type":"page","link":"https:\/\/internshipinmexico.com\/fr\/questions-frequemment-posees\/","title":{"rendered":"Questions fr\u00e9quemment pos\u00e9es"},"content":{"rendered":"<p>[et_pb_section fb_built=\"1\u2033 admin_label=\"Hero\" _builder_version=\"4.16\u2033 background_enable_color=\"off\" use_background_color_gradient=\"on\" background_color_gradient_direction=\"60deg\" background_color_gradient_stops=\"rgba(0,0,0,0,0.4) 0%|rgba(0,0,0,0,0.4) 100%\" background_color_gradient_overlays_image=\"on\" background_color_gradient_start=\"rgba(0,0,0,0,0.4)\" background_color_gradient_end=\"rgba(0,0,0,0,0.4)\" background_image=\"https:\/\/internshipinmexico.com\/wp-content\/uploads\/2021\/08\/faq2.jpg\" background_position=\"bottom_center\" custom_padding=\"100px|0px|100px|0px\" locked=\"off\" global_colors_info=\"{}\"][et_p_row column_structure=\"1_2,1_2\u2033 _builder_version=\"4.16\u2033 custom_padding=\"||\" global_colors_info=\"{}\"][et_pb_column type=\"1_2\u2033 _builder_version=\"4.16\u2033 custom_padding=\"||60px|\" global_colors_info=\"{}\" custom_padding__hover=\"||\"][et_pb_text _builder_version=\"4.16\u2033 text_font=\"Open Sans|600|on|||||\" text_font_size=\"16px\" text_line_height=\"1.8em\" header_font=\"Open Sans|600|||||||\" header_font_size=\"14px\" background_layout=\"dark\" max_width=\"550px\" custom_margin=\"||-6px||\" custom_padding=\"|||\" global_colors_info=\"{}\"]<\/p>\n<p>Stage au Mexique<\/p>\n<p>[\/et_pb_text][et_pb_text _builder_version=\"4.16\u2033 text_font=\"Open Sans|700|||||||\" text_font_size=\"20px\" text_line_height=\"1.8em\" header_font=\"Poppins|700|||||||\" header_font_size=\"38px\" header_line_height=\"1.4em\" background_layout=\"dark\" max_width=\"550px\" global_colors_info=\"{}\"]<\/p>\n<h1>Questions fr\u00e9quemment pos\u00e9es<\/h1>\n<p>Informations g\u00e9n\u00e9rales pour vous aider en cas de doute<\/p>\n<p>[\/et_pb_text][\/et_pb_column][et_pb_column type=&#8221;1_2&#8243; _builder_version=&#8221;4.16&#8243; custom_padding=&#8221;|||&#8221; global_colors_info=&#8221;{}&#8221; custom_padding__hover=&#8221;|||&#8221;][\/et_pb_column][\/et_pb_row][\/et_pb_section][et_pb_section fb_built=&#8221;1&#8243; admin_label=&#8221;FAQ Section&#8221; _builder_version=&#8221;4.16&#8243; custom_padding=&#8221;90px||90px|&#8221; global_colors_info=&#8221;{}&#8221;][et_pb_row admin_label=&#8221;FAQ&#8221; _builder_version=&#8221;4.16&#8243; max_width=&#8221;900px&#8221; use_custom_width=&#8221;on&#8221; custom_width_px=&#8221;900px&#8221; global_colors_info=&#8221;{}&#8221;][et_pb_column type=&#8221;4_4&#8243; _builder_version=&#8221;4.16&#8243; custom_padding=&#8221;|||&#8221; global_colors_info=&#8221;{}&#8221; custom_padding__hover=&#8221;|||&#8221;][et_pb_accordion open_toggle_text_color=&#8221;#E02B20&#8243; open_toggle_background_color=&#8221;rgba(0,0,0,0.03)&#8221; closed_toggle_background_color=&#8221;rgba(0,0,0,0)&#8221; icon_color=&#8221;#c93d38&#8243; _builder_version=&#8221;4.27.4&#8243; toggle_text_color=&#8221;#333333&#8243; toggle_font=&#8221;Montserrat||||||||&#8221; toggle_line_height=&#8221;1.5em&#8221; body_font=&#8221;||||||||&#8221; body_font_size=&#8221;16px&#8221; body_line_height=&#8221;1.8em&#8221; hover_enabled=&#8221;0&#8243; border_style_all=&#8221;none&#8221; global_colors_info=&#8221;{}&#8221; sticky_enabled=&#8221;0&#8243;][et_pb_accordion_item title=&#8221;What are the prices?&#8221; open=&#8221;on&#8221; _builder_version=&#8221;4.27.4&#8243; hover_enabled=&#8221;0&#8243; global_colors_info=&#8221;{}&#8221; sticky_enabled=&#8221;0&#8243;]<\/p>\n<p>Our service for finding an internship has a price of \u20ac569, which is split into two payments. \u20ac284 to start the search for an internship and \u00a0\u20ac285 when company and student accept the internship offer.<\/p>\n<p>Our service for finding an accommodation has a price of \u20ac48.<\/p>\n<p>[\/et_pb_accordion_item][et_pb_accordion_item title=\"Comment \u00e7a marche ?\" _builder_version=\"4.16\u2033 global_colors_info=\"{}\" open=\"off\"]<\/p>\n<p><strong>\u00c9tape 1<\/strong> - Appliquer sur <a href=\"https:\/\/internshipinmexico.com\/fr\/internships\/\">cette page.<\/a><\/p>\n<p><strong>\u00c9tape 2<\/strong> - Nous vous contacterons pour discuter de votre demande et poser toutes les questions de suivi. Nous vous expliquerons les frais du service et sa structure.<\/p>\n<p><strong>\u00c9tape 3<\/strong> - Vous passez commande du service en versant le premier paiement du co\u00fbt total et nous commen\u00e7ons la recherche de votre stage.<\/p>\n<p><strong>\u00c9tape 4<\/strong> - Nous vous contacterons pour vous proposer des options en fonction de vos crit\u00e8res et vous fixerons des rendez-vous pour les entretiens. Une fois que les deux parties auront accept\u00e9 les conditions du projet de stage, le co\u00fbt restant du service sera pay\u00e9 et vous signerez la convention de stage et commencerez officiellement votre voyage au Mexique.<\/p>\n<p>[\/et_pb_accordion_item][et_pb_accordion_item title=\"Les stages sont-ils r\u00e9mun\u00e9r\u00e9s ?\" _builder_version=\"4.16\u2033 global_colors_info=\"{}\" open=\"off\"]<\/p>\n<p>Oui, nous travaillons uniquement avec des entreprises qui offrent une compensation \u00e0 l'\u00e9tudiant. Cependant, la compensation peut varier d'une entreprise \u00e0 l'autre.<\/p>\n<p>[\/et_pb_accordion_item][et_pb_accordion_item title=\"Quelles sont les d\u00e9penses \u00e0 prendre en compte avant de venir au Mexique ?\" _builder_version=\"4.16\u2033 _module_preset=\"default\" global_colors_info=\"{}\" open=\"off\"]<\/p>\n<p>Vous devez tenir compte des co\u00fbts suivants :<\/p>\n<ul>\n<li>Vols<\/li>\n<li>Assurance (voyage)<\/li>\n<li>Tout co\u00fbt li\u00e9 aux vaccins<\/li>\n<li>Location d'une chambre<\/li>\n<\/ul>\n<p>[\/et_pb_accordion_item][et_pb_accordion_item title=\"Puis-je choisir une ville sp\u00e9cifique ?\" _builder_version=\"4.16\u2033 global_colors_info=\"{}\" open=\"off\"]<\/p>\n<p>Oui, vous pouvez choisir la ville de votre choix dans votre candidature. Nous ferons les recherches dans la ville choisie et nous ferons \u00e9galement des recherches dans d'autres villes, afin de vous proposer des opportunit\u00e9s suppl\u00e9mentaires qui pourraient vous int\u00e9resser.<\/p>\n<p>[\/et_pb_accordion_item][et_pb_accordion_item title=\"Que se passe-t-il si je manque un entretien ?\" _builder_version=\"4.16\u2033 global_colors_info=\"{}\" open=\"off\"]<\/p>\n<p>Comme pour toute autre candidature, vous passerez un entretien avec la soci\u00e9t\u00e9. Nous demandons du professionnalisme lors de l'entretien. Cela signifie que vous devrez vous pr\u00e9parer en indiquant les coordonn\u00e9es de l'entreprise et les questions que vous souhaitez poser. \u00c0 son tour, l'entreprise vous posera \u00e9galement des questions.<\/p>\n<p>[\/et_pb_accordion_item][et_pb_accordion_item title=\"Que se passe-t-il si je rejette une offre ?\" _builder_version=\"4.16\u2033 global_colors_info=\"{}\" open=\"off\"]<\/p>\n<p>Nous sommes en mesure de vous faire 3 offres, pour lesquelles vous pouvez refuser jusqu'\u00e0 2 offres qui correspondent \u00e0 vos \u00e9tudes et \u00e0 vos exigences universitaires.\u00a0<\/p>\n<p>[\/et_pb_accordion_item][et_pb_accordion_item title=\"Pouvez-vous m'aider \u00e0 trouver un logement ?\" _builder_version=\"4.16\u2033 global_colors_info=\"{}\" open=\"off\"]<\/p>\n<p>Oui, nous savons qu'il peut \u00eatre difficile de trouver une chambre lorsque vous n'\u00eates pas en ville. Nous pouvons vous aider \u00e0 trouver une chambre selon vos besoins dans n'importe quelle ville du Mexique.\u00a0<\/p>\n<p>[\/et_pb_accordion_item][et_pb_accordion_item title=\"Ai-je besoin d'un visa ?\" _builder_version=\"4.16\u2033 global_colors_info=\"{}\" open=\"off\"]<\/p>\n<p>Si le pays dont vous \u00eates originaire fait partie de l'Union europ\u00e9enne, vous n'avez pas besoin de visa pour votre stage si celui-ci ne d\u00e9passe pas 180 jours. Si vous d\u00e9cidez de continuer \u00e0 travailler au Mexique avec un salaire, alors oui, vous avez besoin d'un visa.<\/p>\n<p>[\/et_pb_accordion_item][et_pb_accordion_item title=\"Pouvez-vous m'aider \u00e0 obtenir un visa ?\" _builder_version=\"4.16\u2033 global_colors_info=\"{}\" open=\"off\"]<\/p>\n<p>Oui, lorsque cela est n\u00e9cessaire, nous pouvons vous aider \u00e0 obtenir les bons documents afin de compl\u00e9ter votre processus de visa.<\/p>\n<p>[\/et_pb_accordion_item][\/et_pb_accordion][\/et_pb_column][\/et_pb_row][\/et_pb_section]<\/p>","protected":false},"excerpt":{"rendered":"<p>Internship in MexicoFrequently Asked Questions General information to help you with any doubts you haveOur service for finding an internship has a price of \u20ac569, which is split into two payments. \u20ac284 to start the search for an internship and \u00a0\u20ac285 when company and student accept the internship offer. Our service for finding an accommodation [&hellip;]<\/p>","protected":false},"author":1,"featured_media":0,"parent":0,"menu_order":0,"comment_status":"closed","ping_status":"closed","template":"","meta":{"_et_pb_use_builder":"on","_et_pb_old_content":"","_et_gb_content_width":"","om_disable_all_campaigns":false,"_monsterinsights_skip_tracking":false,"_monsterinsights_sitenote_active":false,"_monsterinsights_sitenote_note":"","_monsterinsights_sitenote_category":0,"footnotes":"","_joinchat":[]},"aioseo_notices":[],"jetpack_sharing_enabled":true,"_links":{"self":[{"href":"https:\/\/internshipinmexico.com\/fr\/wp-json\/wp\/v2\/pages\/251"}],"collection":[{"href":"https:\/\/internshipinmexico.com\/fr\/wp-json\/wp\/v2\/pages"}],"about":[{"href":"https:\/\/internshipinmexico.com\/fr\/wp-json\/wp\/v2\/types\/page"}],"author":[{"embeddable":true,"href":"https:\/\/internshipinmexico.com\/fr\/wp-json\/wp\/v2\/users\/1"}],"replies":[{"embeddable":true,"href":"https:\/\/internshipinmexico.com\/fr\/wp-json\/wp\/v2\/comments?post=251"}],"version-history":[{"count":27,"href":"https:\/\/internshipinmexico.com\/fr\/wp-json\/wp\/v2\/pages\/251\/revisions"}],"predecessor-version":[{"id":3848,"href":"https:\/\/internshipinmexico.com\/fr\/wp-json\/wp\/v2\/pages\/251\/revisions\/3848"}],"wp:attachment":[{"href":"https:\/\/internshipinmexico.com\/fr\/wp-json\/wp\/v2\/media?parent=251"}],"curies":[{"name":"wp","href":"https:\/\/api.w.org\/{rel}","templated":true}]}}