{"id":248,"date":"2021-08-11T13:41:22","date_gmt":"2021-08-11T18:41:22","guid":{"rendered":"https:\/\/internshipinmexico.com\/?page_id=248"},"modified":"2021-09-02T10:30:13","modified_gmt":"2021-09-02T15:30:13","slug":"guide-for-parents","status":"publish","type":"page","link":"https:\/\/internshipinmexico.com\/fr\/guide-pour-parents\/","title":{"rendered":"Guide pour les parents"},"content":{"rendered":"<p>[et_pb_section fb_built=\"1\u2033 admin_label=\"Hero\" _builder_version=\"4.9.10\u2033 background_enable_color=\"off\" use_background_color_gradient=\"on\" background_color_gradient_start=\"rgba(0,0,0,0,0.4)\" background_color_gradient_end=\"rgba(0,0,0,0,0.4)\" background_color_gradient_direction=\"60deg\" background_color_gradient_overlays_image=\"on\" background_image=\"https:\/\/internshipinmexico.com\/wp-content\/uploads\/2021\/08\/parents.jpg\" min_height=\"473.7px\" custom_padding=\"100px|0px|0px|\" locked=\"off\" global_colors_info=\"{}\"][et_pb_row column_structure=\"1_2,1_2\u2033 _builder_version=\"3.25\u2033 custom_padding=\"||\" global_colors_info=\"{}\"][et_pb_column type=\"1_2\u2033 _builder_version=\"3.25\u2033 custom_padding=\"||60px|\" global_colors_info=\"{}\" custom_padding__hover=\"||\"][et_pb_text _builder_version=\"4.8.2\u2033 text_font=\"Open Sans|600|on|||||\" text_font_size=\"16px\" text_line_height=\"1.8em\" header_font=\"Open Sans|600|||||||\" header_font_size=\"14px\" background_layout=\"dark\" max_width=\"550px\" custom_margin=\"||-6px||\" custom_padding=\"|||\" global_colors_info=\"{}\"]<\/p>\n<p>Stage au Mexique<\/p>\n<p>[\/et_pb_text][et_pb_text _builder_version=\"4.10.5\u2033 text_font=\"Open Sans|700|||||||\" text_font_size=\"20px\" text_line_height=\"1.8em\" header_font=\"Poppins|700|||||||\" header_font_size=\"38px\" header_line_height=\"1.4em\" background_layout=\"dark\" max_width=\"550px\" global_colors_info=\"{}\"]<\/p>\n<h1>Guide pour les parents<\/h1>\n<p>Un stage si lointain peut sembler effrayant au premier abord, mais il s'agit d'une exp\u00e9rience d'apprentissage incroyable pour votre fils ou votre fille.<\/p>\n<p>[\/et_pb_text][\/et_pb_column][et_pb_column type=\"1_2\u2033 _builder_version=\"3.25\u2033 custom_padding=\"|||\" global_colors_info=\"{}\" custom_padding__hover=\"|||\"][\/et_pb_column][\/et_pb_row][\/et_pb_section][et_pb_section fb_built=\"1\u2033 _builder_version=\"4.10.5\u2033 _module_preset=\"default\" custom_padding=\"||1px||\" global_colors_info=\"{}\"][et_pb_row _builder_version=\"3.25\u2033 custom_margin=\"|auto|1px|auto|\" global_colors_info=\"{}\"][et_pb_column type=\"4_4\u2033 _builder_version=\"3.25\u2033 custom_padding=\"|||\" global_colors_info=\"{}\" custom_padding__hover=\"|||\"][et_pb_text _builder_version=\"4.10.5\u2033 text_font=\"||||||||\" text_font_size=\"18px\" text_line_height=\"1.8em\" header_font=\"||||||||\" header_text_align=\"left\" header_2_font=\"Poppins||||||||\" header_2_font_size=\"28px\" header_2_line_height=\"1.4em\" header_3_font=\"||||||||\" module_alignment=\"center\" global_colors_info=\"{}\"]]<\/p>\n<h2 style=\"text-align: center;\">Pourquoi le Mexique ?<\/h2>\n<p>Votre fils ou votre fille souhaite effectuer son stage au Mexique ? Avec Stage au Mexique, il ou elle sera entre de bonnes mains.<\/p>\n<p>[\/et_pb_text][\/et_pb_column][\/et_pb_row][\/et_pb_section][et_pb_section fb_built=\"1\u2033 admin_label=\"Section\" _builder_version=\"4.9.10\u2033 _module_preset=\"default\" custom_padding=\"3px|||||\" global_colors_info=\"{}\"][et_pb_row column_structure=\"1_2,1_2\u2033 _builder_version=\"4.10.5\u2033 _module_preset=\"default\" global_colors_info=\"{}\"][et_pb_column type=\"1_2\u2033 _builder_version=\"4.9.10\u2033 _module_preset=\"default\" global_colors_info=\"{}\"][et_pb_image src=\"https:\/\/internshipinmexico.com\/wp-content\/uploads\/2021\/08\/app-marketing-icon-07-6.png\" admin_label=\"Icon1\u2033 _builder_version=\"3.23\u2033 max_width=\"64px\" custom_margin=\"|||\" custom_margin_last_edited=\"off|desktop\" always_center_on_mobile=\"off\" global_colors_info=\"{}\"][\/et_pb_image][et_pb_text _builder_version=\"4.10.5\u2033 text_font=\"||||||||\" text_font_size=\"16px\" text_line_height=\"1.8em\" header_font=\"||||||||\" header_4_font=\"Poppins|600||on|||||\" header_4_font_size=\"20px\" global_colors_info=\"{}\"]<\/p>\n<h4>Pourquoi le Mexique ?<\/h4>\n<ul>\n<li>Votre fils ou votre fille vivra une exp\u00e9rience unique, qui lui permettra de d\u00e9couvrir et d'apprendre une culture diff\u00e9rente et de se faire de nouveaux amis du monde entier.<\/li>\n<li>Ils seront en mesure de d\u00e9velopper des comp\u00e9tences plus personnelles, en acqu\u00e9rant une exp\u00e9rience individuelle.<\/li>\n<li>Ils obtiendront une exp\u00e9rience internationale qui les aidera \u00e0 progresser dans leur carri\u00e8re. Votre fils ou votre fille se distinguera davantage.<\/li>\n<li>Ils deviendront plus \u00e0 l'aise dans une nouvelle langue.<\/li>\n<li>Les Mexicains sont tr\u00e8s amicaux et tr\u00e8s fiers de leur pays. Ils aiment faire passer du bon temps aux \u00e9trangers, leur apprendre la culture et sont impatients de leur montrer les meilleurs endroits.<\/li>\n<li>L'espagnol mexicain est \u00e9galement consid\u00e9r\u00e9 comme un accent facile \u00e0 apprendre.<\/li>\n<\/ul>\n<p>[\/et_pb_text][\/et_pb_column][et_pb_column type=\"1_2\u2033 _builder_version=\"4.9.10\u2033 _module_preset=\"default\" global_colors_info=\"{}\"][et_pb_image src=\"https:\/\/internshipinmexico.com\/wp-content\/uploads\/2021\/08\/app-marketing-icon-07-6.png\" admin_label=\"Icon1\u2033 _builder_version=\"3.23\u2033 max_width=\"64px\" custom_margin=\"|||\" custom_margin_last_edited=\"off|desktop\" always_center_on_mobile=\"off\" global_colors_info=\"{}\"][\/et_pb_image][et_pb_text _builder_version=\"4.10.5\u2033 text_font=\"||||||||\" text_font_size=\"16px\" text_line_height=\"1.8em\" header_font=\"||||||||\" header_4_font=\"Poppins|600||on|||||\" header_4_font_size=\"20px\" hover_enabled=\"0\u2033 global_colors_info=\"{}\" sticky_enabled=\"0\u2033]<\/p>\n<h4>Pourquoi nous choisir ?<\/h4>\n<ul>\n<li>Nous s\u00e9lectionnons l'entreprise dans laquelle nous envisageons d'effectuer un stage, afin de nous assurer qu'il s'agit d'un bon environnement pour votre fils ou votre fille. Nous sommes en contact permanent avec l'entreprise pour nous assurer que votre enfant tire le meilleur parti de son s\u00e9jour au Mexique.<\/li>\n<li>Nous avons cr\u00e9\u00e9 ce service parce que nous avons nous-m\u00eames \u00e9t\u00e9 stagiaires au Mexique. Nous savons qu'il peut \u00eatre difficile de trouver un stage dans un autre pays dont on ne parle pas la langue ou dont on ne conna\u00eet personne. Avec Stage au Mexique, nous rendons cette t\u00e2che beaucoup plus simple et s\u00fbre pour votre enfant.<\/li>\n<li>Nous sommes votre solution pour tout ce dont votre fils ou votre fille a besoin pour pr\u00e9parer son s\u00e9jour au Mexique. Le stage, le logement et, si n\u00e9cessaire, des cours de langue ou une aide pour les formalit\u00e9s administratives.<\/li>\n<\/ul>\n<p>[\/et_pb_text][\/et_pb_column][\/et_pb_row][\/et_pb_section]<\/p>","protected":false},"excerpt":{"rendered":"<p>Internship in MexicoGuide pour les parents Un stage si lointain peut sembler effrayant au premier abord, mais il s'agit d'une exp\u00e9rience d'apprentissage incroyable pour votre fils ou votre fille.Pourquoi le Mexique ? Votre fils ou votre fille souhaite effectuer son stage au Mexique ? Avec Internship in Mexico, il ou elle sera entre de bonnes mains.Pourquoi le Mexique ? Votre fils [...]<\/p>","protected":false},"author":1,"featured_media":0,"parent":0,"menu_order":0,"comment_status":"closed","ping_status":"closed","template":"","meta":{"_et_pb_use_builder":"on","_et_pb_old_content":"","_et_gb_content_width":"","om_disable_all_campaigns":false,"_monsterinsights_skip_tracking":false,"_monsterinsights_sitenote_active":false,"_monsterinsights_sitenote_note":"","_monsterinsights_sitenote_category":0,"footnotes":"","_joinchat":[]},"aioseo_notices":[],"jetpack_sharing_enabled":true,"_links":{"self":[{"href":"https:\/\/internshipinmexico.com\/fr\/wp-json\/wp\/v2\/pages\/248"}],"collection":[{"href":"https:\/\/internshipinmexico.com\/fr\/wp-json\/wp\/v2\/pages"}],"about":[{"href":"https:\/\/internshipinmexico.com\/fr\/wp-json\/wp\/v2\/types\/page"}],"author":[{"embeddable":true,"href":"https:\/\/internshipinmexico.com\/fr\/wp-json\/wp\/v2\/users\/1"}],"replies":[{"embeddable":true,"href":"https:\/\/internshipinmexico.com\/fr\/wp-json\/wp\/v2\/comments?post=248"}],"version-history":[{"count":18,"href":"https:\/\/internshipinmexico.com\/fr\/wp-json\/wp\/v2\/pages\/248\/revisions"}],"predecessor-version":[{"id":421,"href":"https:\/\/internshipinmexico.com\/fr\/wp-json\/wp\/v2\/pages\/248\/revisions\/421"}],"wp:attachment":[{"href":"https:\/\/internshipinmexico.com\/fr\/wp-json\/wp\/v2\/media?parent=248"}],"curies":[{"name":"wp","href":"https:\/\/api.w.org\/{rel}","templated":true}]}}