{"id":245,"date":"2021-08-11T13:39:14","date_gmt":"2021-08-11T18:39:14","guid":{"rendered":"https:\/\/internshipinmexico.com\/?page_id=245"},"modified":"2025-08-16T17:43:31","modified_gmt":"2025-08-16T23:43:31","slug":"terms-conditions","status":"publish","type":"page","link":"https:\/\/internshipinmexico.com\/fr\/termes-conditions\/","title":{"rendered":"Termes et conditions"},"content":{"rendered":"<p>[et_pb_section fb_built=\"1\u2033 fullwidth=\"on\" admin_label=\"Titre\" _builder_version=\"4.16\u2033 background_image=\"https:\/\/internshipinmexico.com\/wp-content\/uploads\/2021\/08\/internship-hero-image-layout.jpg\" background_position=\"bottom_center\" custom_padding=\"|||\" global_colors_info=\"{}\"][et_pb_fullwidth_header title=\"@ET-DC@eyJkeW5hbWljIjp0cnVlCJb250ZW50IjoicG9zdF90aXRsZSIsInNldHRpbdzIjp7ImJlZm9yZSI6IsImFmdGVyIjoiIn19@\" subhead=\"@ET-DC@eyJkeW5hbWljp0cnVlCJb250ZW50IjoicG9zdF9jYXRlZ29yaWVzIwic2V0dGluZ3MiOnsiYmVmb3JlIjoiIwiYWZ0ZXIOiLCJsaW5rX3RvX3Rlcm1fcGFnZSI6Im9uIwic2VwYXJhdG9yIjoiIHwgIiwiY2F0ZdvcnlfdHlwZSI6ImNhdGVnb3J5In19@\" button_one_text=\"En savoir plus\" button_one_url=\"#more\" content_max_width=\"900px\" admin_label=\"Header\" _builder_version=\"4.16\u2033 _dynamic_attributes=\"title,subhead\" title_font=\"Raleway|700|||||||\" title_font_size=\"50px\" title_line_height=\"1.4em\" content_font=\"Poppins||||||||\" content_font_size=\"16px\" content_line_height=\"1.8em\" subhead_font=\"Poppins|600||on|||||\" subhead_text_color=\"#FFFFFF\" subhead_letter_spacing=\"4px\" subhead_line_height=\"1.8em\" content_link_text_color=\"#FFFFFF\" background_color=\"rgba(0,0,0,0,0.2)\" use_background_color_gradient=\"on\" background_color_gradient_direction=\"90deg\" background_color_gradient_stops=\"#000000 0%|rgba(0,0,0,0,0.2) 19%\" background_color_gradient_start=\"#000000\u2033 background_color_gradient_end=\"rgba(0,0,0,0,0.2)\" background_color_gradient_end_position=\"19%\" custom_button_one=\"on\" button_one_text_size=\"14px\" button_one_bg_color=\"#2b9cf2\u2033 button_one_border_width=\"12px\" button_one_border_color=\"#2b9cf2\u2033 button_one_letter_spacing=\"2px\" button_one_font=\"Poppins|600||on|||||\" button_one_icon=\"$||divi||400\u2033 custom_button_two=\"on\" button_two_text_size=\"14px\" button_two_text_color=\"#29cb8b\" button_two_bg_color=\"#ffff\" button_two_border_width=\"12px\" button_two_border_color=\"#ffffff\" button_two_letter_spacing=\"2px\" button_two_font=\"Poppins|600||on|||||\" button_two_icon=\"$||divi||400\u2033 custom_padding=\"100px||100px||true\" title_font_size_tablet=\"40px\" title_font_size_phone=\"30px\" title_font_size_last_edited=\"on|desktop\" content_font_size_last_edited=\"off|desktop\" subhead_font_size_tablet=\"40px\" subhead_font_size_phone=\"30px\" subhead_font_size_last_edited=\"off|desktop\" button_one_letter_spacing_hover=\"2px\" button_two_letter_spacing_hover=\"2px\" global_colors_info=\"{}\" button_one_text_size__hover_enabled=\"off\" button_two_text_size__hover_enabled=\"off\" button_one_text_color__hover_enabled=\"off\" button_two_text_color__hover_enabled=\"off\" button_one_border_width__hover_enabled=\"off\" button_two_border_width__hover_enabled=\"off\" button_one_border_color__hover_enabled=\"off\" button_two_border_color__hover_enabled=\"off\" button_one_border_radius__hover_enabled=\"off\" button_two_border_radius__hover_enabled=\"off\" button_one_letter_spacing__hover_enabled=\"on\" button_one_letter_spacing__hover=\"2px\" button_two_letter_spacing__hover_enabled=\"on\" button_two_letter_spacing__hover=\"2px\" button_one_bg_color__hover_enabled=\"off\" button_two_bg_color__hover_enabled=\"off\"][\/et_pb_fullwidth_header][\/et_pb_section][et_pb_section fb_built=\"1\u2033 custom_padding_last_edited=\"off|desktop\" admin_label=\"About\" module_id=\"more\" _builder_version=\"4.16\u2033 background_enable_image=\"off\" module_alignment=\"right\" custom_padding=\"80px||80px||true|false\" custom_padding_tablet=\"||120px|\" global_colors_info=\"{}\"][et_pb_row _builder_version=\"4.16\u2033 custom_margin=\"||50px|\" custom_padding=\"60px|0px|60px|0px|true|false\" border_color_all=\"rgba(0,0,0,0,0.12)\" border_width_bottom=\"2px\" global_colors_info=\"{}\"][et_pb_column type=\"4_4\u2033 _builder_version=\"4.16\u2033 custom_padding=\"||\" global_colors_info=\"{}\" custom_padding__hover=\"||\"][et_pb_text ul_type=\"circle\" admin_label=\"A propos du poste\" _builder_version=\"4.16\u2033 _module_preset=\u201d3c66fabf-241e-4f05-99c2-203b61f1b434\u2033 text_font=\"Poppins||||||||\" text_font_size=\"16px\" text_line_height=\"2em\" ul_font=\"Poppins||||||||\" ul_line_height=\"2em\" header_font=\"||||||||\" header_2_font=\"|700|||||||\" header_2_font_size=\"20px\" header_2_line_height=\"1.4em\" header_3_font=\"Raleway|700|||||||\" header_3_font_size=\"24px\" header_3_line_height=\"1.4em\" header_4_font=\"|700|||||||\" header_4_font_size=\"16px\" header_4_line_height=\"1.4em\" width=\"100%\" width_tablet=\"\" width_phone=\"100%\" width_last_edited=\"on|phone\" custom_margin=\"||50px|\" global_colors_info=\"{}\"]<\/p>\n<ol>\n<li><strong> D\u00e9finitions<\/strong><\/li>\n<\/ol>\n<p>1.1 Stage au Mexique : \u00a8Stage au Mexique une exp\u00e9rience de toute une vie SAS de C.V.\u00a8 est une entit\u00e9 juridique enregistr\u00e9e sous la loi mexicaine, en tant que \u00a8Soci\u00e9t\u00e9 d'actions simplifi\u00e9es \u00e0 capital variable\u00a8 (Sociedad de Acciones Simplificadas S.A. DE C.V.), selon le num\u00e9ro d'acte juridique : <strong>SAS-1.2-202011-357743, <\/strong><span>d\u00e9livr\u00e9 par le Secr\u00e9tariat de l'Economie, repr\u00e9sent\u00e9 par Jans Sunny, qui fera fonction de contractant, mentionn\u00e9 plus loin comme IIM.<\/span><\/p>\n<p>1.2 L'\u00e9tudiant : l'\u00e9tudiant agit toujours en tant que client et est ci-apr\u00e8s \u00e9galement d\u00e9sign\u00e9 par \"il\/elle\" ou \"lui\/elle\".<\/p>\n<p>1.3 Parties : Stage au Mexique et l'\u00e9tudiant sont ci-apr\u00e8s d\u00e9nomm\u00e9s conjointement \" les parties \".<\/p>\n<p>1.4 L'entreprise de stage \/ le lieu de stage : l'entreprise o\u00f9 l'\u00e9tudiant acquiert une exp\u00e9rience pratique, \u00e9ventuellement dans le cadre de la formation qu'il suit.<\/p>\n<p>1.5 la convention (de stage) : l'accord conclu entre l'\u00e9tudiant, l'entreprise de stage et \u00e9ventuellement l'\u00e9tablissement d'enseignement dans lequel l'\u00e9tudiant est inscrit. Lorsque le pr\u00e9sent accord fait r\u00e9f\u00e9rence \u00e0 la convention (de stage), il s'agit d'une convention (de stage) orale et \u00e9crite.<\/p>\n<p>1.6 Le programme de stage : Le programme professionnel, l'opportunit\u00e9 ou le poste que l'\u00e9tudiant occupera et qui a \u00e9t\u00e9 obtenu par un stage au Mexique.<\/p>\n<p>1.7 L'acompte : un montant de 185 \u20ac (TVA incluse) que l'\u00e9tudiant doit payer \u00e0 Internship in Mexico avant que la mission n'ait lieu.<\/p>\n<p>1.8 T&amp;C : Les pr\u00e9sentes conditions g\u00e9n\u00e9rales.<\/p>\n<p><strong>\u00a0<\/strong><\/p>\n<p><strong>2. Services.<\/strong><\/p>\n<p>2.1 En payant pour un service de l'IIM, mentionn\u00e9 dans l'article 4.1, l'\u00e9tudiant accepte les pr\u00e9sentes conditions g\u00e9n\u00e9rales et donne son autorisation \u00e0 l'IIM, dans le but de trouver un programme de stage sur le territoire des \u00c9tats-Unis du Mexique (Mexique). L'acompte comprend \u00e9galement l'acc\u00e8s de l'\u00e9tudiant aux programmes de stage actuellement propos\u00e9s par l'IIM.<\/p>\n<p>2.2 Moyennant un acompte suppl\u00e9mentaire, l'IIM pourrait \u00e9galement aider l'\u00e9tudiant \u00e0 trouver un logement dans le lieu o\u00f9 le programme de stage va \u00eatre d\u00e9velopp\u00e9.<\/p>\n<p>2.3 L'IIM ne sera pas responsable du succ\u00e8s de l'\u00e9lection ou de la performance de l'\u00e9tudiant dans les programmes de stage choisis par l'\u00e9tudiant.<\/p>\n<p><strong><span>\u00a0<\/span><\/strong><\/p>\n<ol start=\"3\">\n<li><strong> Affectation<\/strong><\/li>\n<\/ol>\n<p><span>3.1 L'\u00e9tudiant donne \u00e0 l'IIM la mission, que l'IIM accepte par la pr\u00e9sente, de servir de m\u00e9diateur au nom de l'\u00e9tudiant pour \u00e9tablir une ou plusieurs conventions (de stage) entre l'\u00e9tudiant et l'entreprise de stage. A la demande de l'\u00e9tudiant et moyennant un autre paiement, l'IIM peut \u00e9galement intervenir dans le cadre de la mission pour trouver un logement pour l'\u00e9tudiant. La mission commence lorsque l'IIM a re\u00e7u le paiement initial de l'\u00e9tudiant.<\/span><\/p>\n<p><span>3.2 Les parties ne s'entendent pas sur un contrat de mandat ; la mission de m\u00e9diation vise \u00e0 faire en sorte que l'\u00e9tudiant et l'entreprise de stage finissent par conclure eux-m\u00eames d'autres accords en concluant une convention (de stage) et qu'un propri\u00e9taire et l'\u00e9tudiant finissent par conclure eux-m\u00eames d'autres accords concernant la location d'un logement. La mission n'inclut express\u00e9ment pas la demande de visa par l'IIM au nom de l'\u00e9tudiant. Il incombe \u00e0 l'\u00e9tudiant de demander un visa (\u00e0 temps) et si n\u00e9cessaire. Dans le cadre de la mission, l'IIM guide et conseille l'\u00e9tudiant dans sa demande de visa. L'IIM n'est jamais responsable envers l'\u00e9tudiant dans ce cas (et conform\u00e9ment aux dispositions de l'article 4.4 de la pr\u00e9sente convention).<\/span><\/p>\n<p><span>3.3 L'IIM a une obligation de moyens, et express\u00e9ment aucune obligation de r\u00e9sultat, d'ex\u00e9cuter la mission dans les soixante (60) jours suivant la r\u00e9ception de l'acompte vers\u00e9 par l'\u00e9tudiant - comme d\u00e9crit \u00e0 l'article 3 de la pr\u00e9sente convention. Les parties peuvent modifier ou prolonger ce d\u00e9lai en concertation. L'IIM a respect\u00e9 son obligation de moyens apr\u00e8s qu'une prise de contact (par t\u00e9l\u00e9phone ou par e-mail) ait eu lieu avec l'\u00e9tudiant, que l'IIM ait \u00e9tabli un profil personnel de l'\u00e9tudiant et que l'IIM ait propos\u00e9 \u00e0 l'\u00e9tudiant au moins un poste de stage et jusqu'\u00e0 trois postes de stage \u00e0 sa propre discr\u00e9tion. L'IIM est toujours oblig\u00e9 de faire au moins une proposition de stage \u00e0 l'\u00e9tudiant.<\/span><\/p>\n<p><span>3.4 Si, en raison de son obligation de moyens, l'IIM propose un stage \u00e0 l'\u00e9tudiant, ce dernier a le droit de rejeter la proposition s'il estime que celle-ci ne lui convient pas. L'Etudiant peut accepter et\/ou rejeter la proposition par t\u00e9l\u00e9phone ou en envoyant un e-mail \u00e0 l'IIM et en indiquant qu'il\/elle accepte ou rejette la proposition. Si, apr\u00e8s la p\u00e9riode d'expiration de soixante (60) jours, l'\u00e9tudiant n'a pas accept\u00e9 de proposition de l'IIM et qu'aucune convention (de stage) n'a \u00e9t\u00e9 conclue, l'\u00e9tudiant a droit au remboursement de l'acompte si la proposition de stage ne lui semble pas appropri\u00e9e. Dans tous les autres cas, l'\u00e9tudiant n'a express\u00e9ment pas droit au remboursement de l'acompte. Les \"autres cas\" comprennent, sans s'y limiter, les cas vis\u00e9s \u00e0 l'article 4.4, sous a. \u00e0 e.<\/span><\/p>\n<p><span>3.5 Si l'\u00e9tudiant rejette jusqu'\u00e0 un maximum de 3 propositions appropri\u00e9es, l'IIM n'est plus oblig\u00e9 de pr\u00e9senter d'autres propositions \u00e0 l'\u00e9tudiant dans le cadre de son obligation de moyens.<\/span><\/p>\n<p><span>3.6 Si, apr\u00e8s la conclusion de la convention (de stage), mais avant le d\u00e9but du stage, l'entreprise de stage r\u00e9silie, dissout ou n'ex\u00e9cute pas la convention (de stage), sans qu'il y ait faute de la part de l'\u00e9tudiant, l'obligation de l'IIM telle que d\u00e9crite \u00e0 l'article 3.3 de cette convention reprendra pour une p\u00e9riode de trente (30) jours. Les parties peuvent prolonger cette p\u00e9riode en concertation.<\/span><\/p>\n<p>3.7 Si, apr\u00e8s la conclusion de la convention (de stage) et \/ ou apr\u00e8s le d\u00e9but du stage, des changements majeurs interviennent au sein de l'entreprise de stage et que le stage ne convient plus \u00e0 l'\u00e9tudiant, l'IIM est tenu de faire de son mieux pour rechercher une nouvelle entreprise de stage de mani\u00e8re urgente et prioritaire. L'IIM a rempli son obligation de moyens \u00e0 cet \u00e9gard lorsque l'IIM a soumis une (1) proposition appropri\u00e9e \u00e0 l'\u00e9tudiant dans les trente (30) jours. Si l'\u00e9tudiant n'accepte pas cette proposition, l'\u00e9tudiant n'a pas droit au remboursement des frais de m\u00e9diation. Les changements majeurs incluent, mais ne sont pas limit\u00e9s \u00e0 :<\/p>\n<ul>\n<li>a. La faillite de l'entreprise de stage ;<\/li>\n<li>b. L'entreprise de stage r\u00e9silie la convention (de stage).<\/li>\n<li>c. L'entreprise de stage d\u00e9placera le lieu o\u00f9 la convention (de stage) est ex\u00e9cut\u00e9e si loin que la convention (de stage) ne peut plus \u00eatre raisonnablement ex\u00e9cut\u00e9e, tout ceci \u00e9tant \u00e9valu\u00e9 \u00e0 la seule discr\u00e9tion de l'IIM.<\/li>\n<\/ul>\n<p><strong><span>\u00a0<\/span><\/strong><\/p>\n<ol start=\"4\">\n<li><strong><span> Frais de m\u00e9diation<\/span><\/strong><\/li>\n<\/ol>\n<p><span>4.1 L'IIM et l'\u00e9tudiant conviennent des prix suivants pour les services demand\u00e9s par l'\u00e9tudiant.<\/span><\/p>\n<ul>\n<li><span> A total amount of \u20ac569 (incl. VAT) for finding an internship, consisting of two payments, a Down Payment of \u20ac284 before the assignment takes place and a payment of \u20ac285 at the end of the search and after acceptance of the proposal made by IIM. <\/span><\/li>\n<li><span> Un paiement de 48 \u20ac (TVA incluse) pour la recherche d'un logement.<\/span><\/li>\n<li><span> Un paiement suppl\u00e9mentaire pour le cas o\u00f9 l'\u00e9tudiant d\u00e9cide de continuer \u00e0 travailler dans l'entreprise de stage en fonction du salaire offert par l'entreprise de stage dont les d\u00e9tails peuvent \u00eatre trouv\u00e9s dans l'article 4.6 de ce contrat. L'IIM envoie \u00e0 l'\u00e9tudiant une demande de paiement \u00e0 cet \u00e9gard par e-mail.<\/span><\/li>\n<\/ul>\n<p><span>4.2 La mission, telle que d\u00e9crite \u00e0 l'article 3.1 du pr\u00e9sent accord, commence apr\u00e8s que l'IIM a re\u00e7u l'acompte de 185 \u20ac (TVA incluse) sur le num\u00e9ro de compte suivant <\/span><span>NL40 INGB 0748 8522 98 avec BIC : INGBNL2A <\/span><span>au nom de Sunny Jans, avec le concept du Mexique et le nom dudit \u00e9tudiant. Il peut \u00e9galement \u00eatre transf\u00e9r\u00e9 sur le compte PayPal de sunnyjansx@gmail.com. Si l'IIM ne parvient pas \u00e0 trouver une entreprise de stage appropri\u00e9e, l'IIM remboursera l'acompte sur le num\u00e9ro de compte de l'\u00e9tudiant dans un d\u00e9lai raisonnable.<\/span><\/p>\n<p><span>4.3 Si l'\u00e9tudiant accepte une proposition de stage de l'IIM par la conclusion d'une convention (de stage), et que l'\u00e9tablissement d'enseignement approuve le stage, l'\u00e9tudiant doit le paiement restant convenu \u00e0 l'IIM. L'\u00e9tudiant est tenu de payer le montant restant dans les sept (7) jours suivant la r\u00e9ception de la demande de paiement par e-mail de l'IIM sur le num\u00e9ro de compte mentionn\u00e9 \u00e0 l'article 4.2 de la pr\u00e9sente convention. Si ce montant n'est pas pay\u00e9 dans le d\u00e9lai fix\u00e9, l'IIM a le droit d'annuler la convention de stage.<\/span><\/p>\n<p><span>4.4 L'IIM et l'\u00c9tudiant conviennent que l'obligation de payer le solde apr\u00e8s l'acceptation de la proposition de stage par l'\u00c9tudiant et l'approbation du stage par l'\u00e9tablissement d'enseignement est d\u00e9finitive et inconditionnelle. En aucun cas, l'\u00e9tudiant n'a le droit de suspendre ses obligations de paiement envers l'IIM, de compenser la cr\u00e9ance de l'IIM \u00e0 son \u00e9gard avec toute demande reconventionnelle, et\/ou de dissoudre cet accord en totalit\u00e9 ou en partie. En plus de ce qui pr\u00e9c\u00e8de, apr\u00e8s l'acceptation de la proposition, l'\u00e9tudiant n'a en aucun cas droit \u00e0 un remboursement de l'acompte et\/ou du paiement final, y compris (mais sans s'y limiter) dans les situations suivantes :<\/span><\/p>\n<ul>\n<li><span>a. L'\u00e9tudiant d\u00e9cide d'accepter un stage autre que celui propos\u00e9 par l'IIM.<\/span><\/li>\n<li><span>b. L'\u00e9tudiant n'a pas de visa \u00e0 temps.<\/span><\/li>\n<li><span>c. L'\u00e9tudiant n'a pas suffisamment de cr\u00e9dits d'\u00e9tudes pour commencer le stage.<\/span><\/li>\n<li><span>d. L'\u00e9tudiant, pour quelque raison que ce soit, n'est pas en mesure de se rendre dans l'entreprise de stage et de commencer le stage, y compris (mais sans s'y limiter) l'\u00e9tat de sant\u00e9 de l'\u00e9tudiant, la guerre, la mobilisation totale ou partielle, les r\u00e9glementations gouvernementales, les incendies, les gr\u00e8ves, les interruptions de travail, les \u00e9pid\u00e9mies ou les pand\u00e9mies, ou tout autre aspect ind\u00e9pendant de la volont\u00e9 de l'IIM.<\/span><\/li>\n<li><span>e. L'entreprise de stage met fin \u00e0 la convention (de stage), pour quelque raison que ce soit.<\/span><\/li>\n<\/ul>\n<p><span>4.5 Si l'\u00e9tudiant n'accepte pas la proposition de stage de l'IIM, il ne sera pas redevable de la somme restante, \u00e0 moins qu'il ne commence un stage dans un d\u00e9lai d'un an et demi apr\u00e8s la proposition ou qu'il ait une relation de travail avec l'entreprise de stage.<\/span><\/p>\n<p>4.6 Dans le cas o\u00f9 l'entreprise de stage offre un poste \u00e0 l'\u00e9tudiant \u00e0 la fin du programme de stage, l'\u00e9tudiant accepte de payer \u00e0 l'IIM des frais suppl\u00e9mentaires, qui d\u00e9pendront du salaire offert, selon les modalit\u00e9s suivantes :<span>\u00a0<\/span><\/p>\n<ul>\n<li>Avec un montant de salaire de \u2265$10.000 MXN (brut) par mois, l'\u00e9tudiant paie des frais suppl\u00e9mentaires uniques de 100 \u20ac, - TVA comprise.<\/li>\n<li>Avec un montant de salaire de \u2265$12.000 MXN (brut) par mois, l'\u00e9tudiant paie des frais suppl\u00e9mentaires uniques de \u20ac120, - TVA incluse.<\/li>\n<li>Avec un montant de salaire de \u2265$15.000 MXN (brut) par mois, l'\u00e9tudiant paie des frais suppl\u00e9mentaires uniques de 150 \u20ac, - TVA comprise.<\/li>\n<li>Avec un montant de salaire de \u2265$20.000 MXN (brut) par mois, l'\u00e9tudiant paie des frais suppl\u00e9mentaires uniques de \u20ac220, - TVA incluse.<\/li>\n<\/ul>\n<p>L'\u00e9tudiant est tenu de verser le montant mentionn\u00e9 ci-dessus dans les sept (7) jours suivant la r\u00e9ception de la demande de paiement par e-mail \u00e0 l'IIM au num\u00e9ro de compte mentionn\u00e9 \u00e0 l'article 4.2 de la pr\u00e9sente convention, sauf indication contraire de l'IIM. L'IIM d\u00e9bitera ce montant (15) jours apr\u00e8s la fin de la convention de stage.<\/p>\n<p><strong><span>\u00a0<\/span><\/strong><\/p>\n<ol start=\"5\">\n<li><strong><span> Responsabilit\u00e9 civile<\/span><\/strong><\/li>\n<\/ol>\n<p><span>5.1 L'\u00e9tudiant d\u00e9clare \u00eatre conscient du fait que l'IIM agit uniquement en tant que m\u00e9diateur et qu'il n'est pas une partie contractante de la convention (de stage) entre l'entreprise de stage et l'\u00e9tudiant, et qu'il n'est pas une partie contractante du contrat de location entre un propri\u00e9taire et l'\u00e9tudiant. L'IIM n'est donc pas responsable de l'ex\u00e9cution du stage. En outre, l'IIM n'est pas responsable de tout d\u00e9faut dans ou sur le logement.<\/span><\/p>\n<p><span>5.2 Sous r\u00e9serve des dispositions du droit imp\u00e9ratif et du caract\u00e8re raisonnable et \u00e9quitable, l'IIM n'est en aucun cas responsable envers l'\u00e9tudiant pour les dommages subis par l'\u00e9tudiant qui sont survenus suite \u00e0 l'ex\u00e9cution de cette mission de m\u00e9diation et\/ou de la convention (de stage) et\/ou du loyer, y compris, mais sans s'y limiter, les dommages directs, les dommages cons\u00e9cutifs, les dommages corporels, les dommages r\u00e9sultant d'un d\u00e9c\u00e8s, les pertes subies et\/ou le manque \u00e0 gagner. Dans la mesure o\u00f9 il a \u00e9t\u00e9 \u00e9tabli en justice que l'IIM est, malgr\u00e9 ce qui pr\u00e9c\u00e8de, toujours responsable envers l'\u00e9tudiant, l'obligation d'indemnisation est \u00e0 tout moment limit\u00e9e \u00e0 \u20ac 2.500.<\/span><\/p>\n<p><span>5.3 L'IIM n'est jamais responsable des dommages subis par des tiers, y compris l'entreprise de stage et l'\u00e9tablissement d'enseignement o\u00f9 l'\u00e9tudiant est inscrit. L'\u00e9tudiant d\u00e9gage l'IIM de toute responsabilit\u00e9 \u00e0 cet \u00e9gard.<\/span><\/p>\n<p><span>5.4 L'\u00e9tudiant a la responsabilit\u00e9, si n\u00e9cessaire, d'organiser et de recevoir un visa \u00e0 temps avant le stage, ainsi que de prolonger un visa d\u00e9j\u00e0 re\u00e7u, si n\u00e9cessaire. S'il ne le fait pas ou ne le fait pas \u00e0 temps, l'IIM n'est en aucun cas responsable des dommages directs ou indirects que l'\u00e9tudiant subit de ce fait.<\/span><\/p>\n<p><span>5.5 L'IIM n'est en aucun cas responsable des dommages subis par l'\u00e9tudiant si le stage doit \u00eatre interrompu avant le d\u00e9but et\/ou si l'\u00e9tudiant subit un retard dans ses \u00e9tudes, quelle qu'en soit la raison. En outre, l'IIM n'est pas responsable des dommages subis par l'\u00e9tudiant dans et autour du logement.<\/span><\/p>\n<p><span>5.6 L'\u00e9tudiant a l'obligation, avant de se rendre dans le pays o\u00f9 se trouve l'entreprise de stage, de souscrire les assurances n\u00e9cessaires, y compris, mais sans s'y limiter, une assurance voyage et annulation ad\u00e9quate.<\/span><\/p>\n<p><strong><span>\u00a0<\/span><\/strong><\/p>\n<ol start=\"6\">\n<li><strong> R\u00e9siliation. <\/strong><\/li>\n<\/ol>\n<p>6.1 L'IIM est \u00e0 tout moment en droit de r\u00e9silier le contrat et d'interrompre les services, sans aucune responsabilit\u00e9 pour les dommages. L'\u00e9tudiant a le droit de r\u00e9silier le contrat \u00e0 tout moment, sans pouvoir pr\u00e9tendre \u00e0 des dommages et int\u00e9r\u00eats ou au remboursement des paiements effectu\u00e9s.<\/p>\n<p>&nbsp;<\/p>\n<ol start=\"7\">\n<li><strong> Photos et publication<\/strong><\/li>\n<\/ol>\n<p>7.1 L'IIM peut demander \u00e0 l'\u00e9tudiant de partager des photos de son exp\u00e9rience de stage avec l'IIM. De plus, l'IIM peut demander \u00e0 l'\u00e9tudiant de coop\u00e9rer \u00e0 la r\u00e9daction d'un article \u00e0 des fins commerciales. Si l'Etudiant se conforme \u00e0 une telle demande de l'IIM, l'IIM se r\u00e9serve le droit de publier les photos envoy\u00e9es par l'Etudiant, les photos montrant l'Etudiant, et l'article \u00e0 des fins commerciales \u00e0 sa propre discr\u00e9tion.<\/p>\n<p><strong><span>\u00a0<\/span><\/strong><\/p>\n<ol start=\"8\">\n<li><strong> P\u00e9nalit\u00e9<\/strong><\/li>\n<\/ol>\n<p>8.1 L'\u00e9tudiant n'est pas autoris\u00e9 \u00e0 transmettre les coordonn\u00e9es (de contact) de l'entreprise de stage, des personnes qui travaillent ou sont li\u00e9es de quelque mani\u00e8re que ce soit \u00e0 l'entreprise de stage ou les coordonn\u00e9es (de contact) des propri\u00e9taires \u00e0 des tiers, ni \u00e0 les placer dans une base de donn\u00e9es (d'offres d'emploi) au sens large du terme, ni \u00e0 les publier sur les m\u00e9dias sociaux et\/ou sur Internet, sans l'autorisation \u00e9crite de l'IIM.<\/p>\n<p>8.2 L'\u00e9tudiant n'est pas non plus autoris\u00e9 \u00e0 conclure un quelconque accord avec l'entreprise de stage sans en avoir pr\u00e9alablement inform\u00e9 l'IIM \u00e0 l'adresse \u00e9lectronique suivante : info@internshipinmexico.com. L'IIM doit accuser r\u00e9ception de cet accord dans un d\u00e9lai de 7 jours ouvrables (conform\u00e9ment au droit du travail mexicain).<\/p>\n<p>8.3 Si l'\u00e9tudiant agit en violation des dispositions de l'article 8.1, il est tenu de payer une p\u00e9nalit\u00e9 de 50 \u20ac par jour o\u00f9 la violation se poursuit, jusqu'\u00e0 un maximum de 500 \u20ac, sans pr\u00e9judice du droit de l'IIM de r\u00e9clamer \u00e0 l'\u00e9tudiant une indemnisation pour les dommages que l'IIM subit en raison de la violation par l'\u00e9tudiant des articles 8.1 et 8.2 de ce contrat.<\/p>\n<p><strong><span>\u00a0<\/span><\/strong><\/p>\n<ol start=\"9\">\n<li><strong> Comp\u00e9tence et droit applicable<\/strong><\/li>\n<\/ol>\n<p>9.1 Les parties conviennent que les pr\u00e9sents T&amp;C seront r\u00e9gis par les lois applicables et les tribunaux comp\u00e9tents de l'\u00c9tat de Jalisco sur le territoire des \u00c9tats-Unis du Mexique (M\u00e9xico).<\/p>\n<p>9.2 En cas de controverse, les parties essaieront de trouver une solution \u00e0 l'amiable guid\u00e9e par les principes de la bonne foi. Si les parties ne parviennent pas \u00e0 trouver une solution, elles soumettront le diff\u00e9rend \u00e0 un centre de m\u00e9diation autoris\u00e9 \u00e0 Guadalajara, Jalisco, conform\u00e9ment \u00e0 la loi sur la justice alternative de l'\u00c9tat de Jalisco (Ley de Justicia Alternativa del Estado de Jalisco). Ce n'est que dans le cas o\u00f9 les parties ont \u00e9puis\u00e9 lesdites instances qu'elles auront le droit d'intenter une action devant les tribunaux comp\u00e9tents de l'\u00c9tat de Jalisco sur le territoire des \u00c9tats-Unis du Mexique (Mexique).<\/p>\n<p>&nbsp;<\/p>\n<p>[\/et_pb_text][\/et_pb_column][\/et_pb_row][\/et_pb_section]<\/p>","protected":false},"excerpt":{"rendered":"<p>D\u00e9finitions 1.1 Internship in Mexico : \u00a8Internship in Mexico an Experience of a Lifetime SAS de C.V.\u00a8 est une entit\u00e9 juridique enregistr\u00e9e conform\u00e9ment \u00e0 la loi mexicaine, en tant que \u00a8Simplified Actions Company with Variable Capital\u00a8 (Sociedad de Acciones Simplificadas S.A. DE C.V.), selon le num\u00e9ro d'acte juridique : SAS-1.2-202011-357743, d\u00e9livr\u00e9 par le Secr\u00e9tariat \u00e0 l'\u00e9conomie, repr\u00e9sent\u00e9 par [...]<\/p>","protected":false},"author":1,"featured_media":0,"parent":0,"menu_order":0,"comment_status":"closed","ping_status":"closed","template":"","meta":{"_et_pb_use_builder":"on","_et_pb_old_content":"","_et_gb_content_width":"","om_disable_all_campaigns":false,"_monsterinsights_skip_tracking":false,"_monsterinsights_sitenote_active":false,"_monsterinsights_sitenote_note":"","_monsterinsights_sitenote_category":0,"footnotes":"","_joinchat":[]},"aioseo_notices":[],"jetpack_sharing_enabled":true,"_links":{"self":[{"href":"https:\/\/internshipinmexico.com\/fr\/wp-json\/wp\/v2\/pages\/245"}],"collection":[{"href":"https:\/\/internshipinmexico.com\/fr\/wp-json\/wp\/v2\/pages"}],"about":[{"href":"https:\/\/internshipinmexico.com\/fr\/wp-json\/wp\/v2\/types\/page"}],"author":[{"embeddable":true,"href":"https:\/\/internshipinmexico.com\/fr\/wp-json\/wp\/v2\/users\/1"}],"replies":[{"embeddable":true,"href":"https:\/\/internshipinmexico.com\/fr\/wp-json\/wp\/v2\/comments?post=245"}],"version-history":[{"count":11,"href":"https:\/\/internshipinmexico.com\/fr\/wp-json\/wp\/v2\/pages\/245\/revisions"}],"predecessor-version":[{"id":3849,"href":"https:\/\/internshipinmexico.com\/fr\/wp-json\/wp\/v2\/pages\/245\/revisions\/3849"}],"wp:attachment":[{"href":"https:\/\/internshipinmexico.com\/fr\/wp-json\/wp\/v2\/media?parent=245"}],"curies":[{"name":"wp","href":"https:\/\/api.w.org\/{rel}","templated":true}]}}