{"id":17,"date":"2021-08-08T22:36:48","date_gmt":"2021-08-08T22:36:48","guid":{"rendered":"https:\/\/internshipinmexico.com\/?page_id=17"},"modified":"2023-08-11T13:36:59","modified_gmt":"2023-08-11T19:36:59","slug":"blogs-about-mexico","status":"publish","type":"page","link":"https:\/\/internshipinmexico.com\/fr\/blogs-about-mexico\/","title":{"rendered":"Blog"},"content":{"rendered":"<p>[et_pb_section fb_built=\"1\u2033 admin_label=\"Hero\" _builder_version=\"4.16\u2033 background_enable_color=\"off\" use_background_color_gradient=\"on\" background_color_gradient_direction=\"60deg\" background_color_gradient_stops=\"rgba(0,0,0,0,0.4) 0%|rgba(0,0,0,0,0.4) 100%\" background_color_gradient_overlays_image=\"on\" background_color_gradient_start=\"rgba(0,0,0,0,0.4)\" background_color_gradient_end=\"rgba(0,0,0,0,0.4)\" background_image=\"https:\/\/internshipinmexico.com\/wp-content\/uploads\/2021\/08\/Daniel-silva-dia-de-muertos.jpg\" custom_padding=\"100px|0px|0px||\" locked=\"off\" global_colors_info=\"{}\"][et_pb_row column_structure=\"1_2,1_2\u2033 _builder_version=\"4.16\u2033 custom_padding=\"|||\" global_colors_info=\"{}\"][et_pb_column type=\"1_2\u2033 _builder_version=\"4.16\u2033 custom_padding=\"||60px|\" global_colors_info=\"{}\" custom_padding__hover=\"|||\"][et_pb_text _builder_version=\"4.17.4\u2033 text_font=\"Open Sans|700|||||||\" text_font_size=\"20px\" text_line_height=\"1.8em\" header_font=\"Poppins|700|||||||\" header_font_size=\"38px\" header_line_height=\"1.4em\" header_2_font=\"Poppins|800|||||||\" header_2_font_size=\"40px\" background_layout=\"dark\" width=\"100%\" max_width=\"550px\" global_colors_info=\"{}\"]<\/p>\n<h2>Blogs sur le Mexique<\/h2>\n<p>Lisez les blogs sur les stages et le b\u00e9n\u00e9volat au Mexique, ainsi que sur la vie \u00e9tudiante au Mexique, les recommandations, les faits et la culture.\u00a0<\/p>\n<p>Tout est l\u00e0 !<\/p>\n<p>[\/et_pb_text][\/et_pb_column][et_pb_column type=\"1_2\u2033 _builder_version=\"4.16\u2033 custom_padding=\"|||\" global_colors_info=\"{}\" custom_padding__hover=\"|||\"][\/et_pb_column][\/et_pb_row][\/et_pb_section][et_pb_section fb_built=\"1\u2033 admin_label=\"Caract\u00e9ristiques\" module_id=\"stages\" _builder_version=\"4.16\u2033 background_color=\"#fafafc\" background_enable_image=\"off\" locked=\"off\" global_colors_info=\"{}\"][et_pb_row module_id=\"find\" _builder_version=\"4.16\u2033 custom_padding=\"27px|0px|27px|0px\" global_colors_info=\"{}\"][et_pb_column type=\"4_4\u2033 _builder_version=\"4.16\u2033 custom_padding=\"|||\" global_colors_info=\"{}\" custom_padding__hover=\"|||\"][et_pb_text _builder_version=\"4.17.4\u2033 text_font=\"||||||||\" text_font_size=\"20px\" text_line_height=\"1.8em\" header_font=\"||||||||\" header_2_font=\"Poppins||||||||\" header_2_font_size=\"28px\" header_2_line_height=\"1.4em\" header_3_font=\"||||||||\" text_orientation=\"center\" max_width=\"700px\" module_alignment=\"center\" global_colors_info=\"{}\"]<\/p>\n<h2>Lire nos guides utiles sur le Mexique<\/h2>\n<p><span>Trouvez le sujet que vous recherchez en utilisant la barre de recherche ci-dessous !<\/span><\/p>\n<p>[\/et_pb_text][\/et_pb_column][\/et_pb_row][et_pb_row _builder_version=\"4.21.2\u2033 _module_preset=\"default\" global_colors_info=\"{}\"][et_pb_column type=\"4_4\u2033 _builder_version=\"4.21.2\u2033 _module_preset=\"default\" global_colors_info=\"{}\"][et_pb_search exclude_pages=\"on\" include_categories=\"4,108,1,109\u2033 button_color=\"#0d8be5\u2033 _builder_version=\"4.21.2\u2033 _module_preset=\"default\" button_text_color=\"#FFFFFF\" global_colors_info=\"{}\"][\/et_pb_search][\/et_pb_column][\/et_pb_row][et_pb_row _builder_version=\"4.16\u2033 _module_preset=\"default\" global_colors_info=\"{}\"][et_pb_column type=\"4_4\u2033 _builder_version=\"4.16\u2033 _module_preset=\"default\" global_colors_info=\"{}\"][et_pb_blog fullwidth=\"off\" posts_number=\"9\u2033 include_categories=\"5\u2033 show_more=\"on\" show_author=\"off\" show_date=\"off\" show_categories=\"off\" use_overlay=\"on\" overlay_icon_color=\"RGBA(0,0,0,0)\u201d hover_overlay_color=\u201drgba(255,255,255,0.3)\" module_class=\"et_new_grid_blog\" _builder_version=\"4.19.4\u2033 _module_preset=\"default\" header_font=\"|600|||||||\" header_font_size=\"20px\" body_font_size=\"15px\" meta_font=\"|600|on||||||\" border_radii=\"off|15px|15px||\" box_shadow_style=\"preset1\u2033 global_colors_info=\"{}\"][\/et_pb_blog][\/et_pb_column][\/et_pb_row][\/et_pb_section]<\/p>","protected":false},"excerpt":{"rendered":"<p>Blogs sur le Mexique Lisez des blogs sur les stages et le b\u00e9n\u00e9volat au Mexique, ainsi que sur la vie \u00e9tudiante au Mexique, les recommandations, les faits et la culture.  Lisez nos guides utiles sur le Mexique Trouvez le sujet que vous cherchez en utilisant la barre de recherche ci-dessous !<\/p>","protected":false},"author":2,"featured_media":0,"parent":0,"menu_order":0,"comment_status":"closed","ping_status":"closed","template":"","meta":{"_et_pb_use_builder":"on","_et_pb_old_content":"","_et_gb_content_width":"","om_disable_all_campaigns":false,"_monsterinsights_skip_tracking":false,"_monsterinsights_sitenote_active":false,"_monsterinsights_sitenote_note":"","_monsterinsights_sitenote_category":0,"footnotes":"","_joinchat":[]},"aioseo_notices":[],"jetpack_sharing_enabled":true,"_links":{"self":[{"href":"https:\/\/internshipinmexico.com\/fr\/wp-json\/wp\/v2\/pages\/17"}],"collection":[{"href":"https:\/\/internshipinmexico.com\/fr\/wp-json\/wp\/v2\/pages"}],"about":[{"href":"https:\/\/internshipinmexico.com\/fr\/wp-json\/wp\/v2\/types\/page"}],"author":[{"embeddable":true,"href":"https:\/\/internshipinmexico.com\/fr\/wp-json\/wp\/v2\/users\/2"}],"replies":[{"embeddable":true,"href":"https:\/\/internshipinmexico.com\/fr\/wp-json\/wp\/v2\/comments?post=17"}],"version-history":[{"count":30,"href":"https:\/\/internshipinmexico.com\/fr\/wp-json\/wp\/v2\/pages\/17\/revisions"}],"predecessor-version":[{"id":2372,"href":"https:\/\/internshipinmexico.com\/fr\/wp-json\/wp\/v2\/pages\/17\/revisions\/2372"}],"wp:attachment":[{"href":"https:\/\/internshipinmexico.com\/fr\/wp-json\/wp\/v2\/media?parent=17"}],"curies":[{"name":"wp","href":"https:\/\/api.w.org\/{rel}","templated":true}]}}