{"id":1567,"date":"2023-02-09T09:43:10","date_gmt":"2023-02-09T15:43:10","guid":{"rendered":"https:\/\/internshipinmexico.com\/?page_id=1567"},"modified":"2025-08-16T17:44:10","modified_gmt":"2025-08-16T23:44:10","slug":"traineeships","status":"publish","type":"page","link":"https:\/\/internshipinmexico.com\/fr\/stages-a-letranger\/","title":{"rendered":"Stages en entreprise"},"content":{"rendered":"<p>[et_pb_section fb_built=\"1\u2033 admin_label=\"Hero\" _builder_version=\"4.19.5\u2033 background_enable_color=\"off\" use_background_color_gradient=\"on\" background_color_gradient_direction=\"60deg\" background_color_gradient_stops=\"rgba(0,0,0,0,0.4) 0%|rgba(0,0,0,0,0.4) 100%\" background_color_gradient_overlays_image=\"on\" background_color_gradient_start=\"rgba(0,0,0,0,0.4)\" background_color_gradient_end=\"rgba(0,0,0,0,0.4)\" background_image=\"https:\/\/internshipinmexico.com\/wp-content\/uploads\/2023\/02\/daryl-parada-HiMu26_CNSM-unsplash-scaled.jpg\" custom_padding=\"5px|0px|5px|0px|true|\" global_colors_info=\"{}\"][et_pb_row column_structure=\"1_2,1_2\u2033 _builder_version=\"4.16\u2033 custom_padding=\"|||\" global_colors_info=\"{}\"][et_pb_column type=\"1_2\u2033 _builder_version=\"4.16\u2033 custom_padding=\"||60px|\" global_colors_info=\"{}\" custom_padding__hover=\"|||\"][et_pb_text _builder_version=\"4.20.2\u2033 text_font=\"Open Sans|700|||||||\" text_font_size=\"20px\" text_line_height=\"1.8em\" header_font=\"Poppins|700|||||||\" header_font_size=\"38px\" header_line_height=\"1.4em\" header_2_font=\"Poppins|800|||||||\" header_2_font_size=\"43px\" background_layout=\"dark\" max_width=\"550px\" global_colors_info=\"{}\"]<\/p>\n<h2><strong>Stages en<br \/>Mexique<\/strong><\/h2>\n<p>Vous venez de terminer vos \u00e9tudes et vous cherchez un stage \u00e0 l'\u00e9tranger ? Nous avons l'opportunit\u00e9 id\u00e9ale pour vous.<\/p>\n<p>Postulez ci-dessous pour l'un de ces stages et nous vous contacterons pour entamer la proc\u00e9dure !<\/p>\n<p>[\/et_pb_text][et_pb_button button_url=\"#internships\" button_text=\"Parcourir les stages\" button_alignment=\"left\" _builder_version=\"4.19.5\u2033 custom_button=\"on\" button_text_size=\"14px\" button_text_color=\"#ffffff\" button_bg_color=\"#2b9cf2\u2033 button_border_width=\"0px\" button_border_radius=\"100px\" button_letter_spacing=\"1px\" button_font=\"Poppins|600|on|||||\" button_use_icon=\"off\" background_layout=\"dark\" custom_padding=\"10px|30px|10px|30px\" animation_style=\"fade\" box_shadow_style=\"preset3\u2033 box_shadow_vertical=\"8px\" box_shadow_color=\"rgba(0,137,242,0.61)\" button_letter_spacing_hover=\"1px\" global_colors_info=\"{}\" button_text_size__hover_enabled=\"off\" button_one_text_size__hover_enabled=\"off\" button_two_text_size__hover_enabled=\"off\" button_text_color__hover_enabled=\"off\" button_one_text_color__hover_enabled=\"off\" button_two_text_color__hover_enabled=\"off\" button_border_width__hover_enabled=\"off\" button_one_border_width__hover_enabled=\"off\" button_two_border_width__hover_enabled=\"off\" button_border_color__hover_enabled=\"off\" button_one_border_color__hover_enabled=\"off\" button_one_border_color__hover_enabled=\"off\" button_two_border_color__hover_enabled=\"off\" button_border_radius__hover_enabled=\"off\" button_one_border_radius__hover_enabled=\"off\" button_two_border_radius__hover_enabled=\"off\" button_letter_spacing__hover_enabled=\"on\" button_letter_spacing__hover=\"1px\" button_one_letter_spacing__hover_enabled=\"off\" button_two_letter_spacing__hover_enabled=\"off\" button_bg_color__hover_enabled=\"off\" button_one_bg_color__hover_enabled=\"off\" button_two_bg_color__hover_enabled=\"off\"][\/et_pb_button][et_pb_button button_url=\"https :\/\/internshipinmexico.com\/traineeship-in-mexico\/\" url_new_window=\"on\" button_text=\"Qu'est-ce qu'un stage ?\" button_alignment=\"left\" _builder_version=\"4.20.2\u2033 custom_button=\"on\" button_text_size=\"14px\" button_text_color=\"#ffffff\" button_bg_color=\"#2b9cf2\u2033 button_border_width=\"0px\" button_border_radius=\"100px\" button_letter_spacing=\"1px\" button_font=\"Poppins|600|on|||||\" button_use_icon=\"off\" background_layout=\"dark\" custom_padding=\"10px|30px|10px|30px\" animation_style=\"fade\" box_shadow_style=\"preset3\u2033 box_shadow_vertical=\"8px\" box_shadow_color=\"rgba(0,137,242,0.61)\" button_letter_spacing_hover=\"1px\" global_colors_info=\"{}\" button_text_size__hover_enabled=\"off\" button_one_text_size__hover_enabled=\"off\" button_two_text_size__hover_enabled=\"off\" button_text_color__hover_enabled=\"off\" button_one_text_color__hover_enabled=\"off\" button_two_text_color__hover_enabled=\"off\" button_border_width__hover_enabled=\"off\" button_one_border_width__hover_enabled=\"off\" button_two_border_width__hover_enabled=\"off\" button_border_color__hover_enabled=\"off\" button_one_border_color__hover_enabled=\"off\" button_one_border_color__hover_enabled=\"off\" button_two_border_color__hover_enabled=\"off\" button_border_radius__hover_enabled=\"off\" button_one_border_radius__hover_enabled=\"off\" button_two_border_radius__hover_enabled=\"off\" button_letter_spacing__hover_enabled=\"on\" button_letter_spacing__hover=\"1px\" button_one_letter_spacing__hover_enabled=\"off\" button_two_letter_spacing__hover_enabled=\"off\" button_bg_color__hover_enabled=\"off\" button_one_bg_color__hover_enabled=\"off\" button_two_bg_color__hover_enabled=\"off\"][\/et_pb_button][\/et_pb_column][et_pb_column type=\"1_2\u2033 _builder_version=\"4.16\u2033 custom_padding=\"|||\" global_colors_info=\"{}\" custom_padding__hover=\"|||\"][\/et_pb_column][\/et_pb_row][\/et_pb_section][et_pb_section fb_built=\"1\u2033 admin_label=\"Caract\u00e9ristiques\" module_id=\"stages\" _builder_version=\"4.16\u2033 background_color=\"#fafafc\" background_enable_image=\"off\" custom_margin=\"||-67px||\" custom_padding=\"0px|||||\" global_colors_info=\"{}\"][et_pb_row module_id=\"find\" _builder_version=\"4.16\u2033 custom_padding=\"27px|0px|27px|0px\" global_colors_info=\"{}\"][et_pb_column type=\"4_4\u2033 _builder_version=\"4.16\u2033 custom_padding=\"|||\" global_colors_info=\"{}\" custom_padding__hover=\"|||\"][et_pb_text _builder_version=\"4.20.2\u2033 text_font=\"||||||||\" text_font_size=\"20px\" text_line_height=\"1.8em\" header_font=\"||||||||\" header_2_font=\"Poppins||||||||\" header_2_font_size=\"28px\" header_2_line_height=\"1.4em\" header_3_font=\"||||||||\" text_orientation=\"center\" max_width=\"700px\" module_alignment=\"center\" global_colors_info=\"{}\"]<\/p>\n<h2>Trouvez le stage qui vous convient<\/h2>\n<p>Consultez nos offres d'emploi pour commencer votre voyage au Mexique dans l'une de nos entreprises partenaires.<\/p>\n<p>[\/et_pb_text][\/et_pb_column][\/et_pb_row][et_pb_row _builder_version=&#8221;4.16&#8243; _module_preset=&#8221;default&#8221; global_colors_info=&#8221;{}&#8221;][et_pb_column type=&#8221;4_4&#8243; _builder_version=&#8221;4.16&#8243; _module_preset=&#8221;default&#8221; global_colors_info=&#8221;{}&#8221;][et_pb_blog fullwidth=&#8221;off&#8221; posts_number=&#8221;9&#8243; include_categories=&#8221;108&#8243; show_more=&#8221;on&#8221; show_author=&#8221;off&#8221; show_date=&#8221;off&#8221; show_categories=&#8221;off&#8221; use_overlay=&#8221;on&#8221; overlay_icon_color=&#8221;RGBA(0,0,0,0)&#8221; hover_overlay_color=&#8221;rgba(255,255,255,0.3)&#8221; module_class=&#8221;et_new_grid_blog&#8221; _builder_version=&#8221;4.19.5&#8243; _module_preset=&#8221;default&#8221; header_font=&#8221;|600|||||||&#8221; header_font_size=&#8221;20px&#8221; body_font_size=&#8221;15px&#8221; meta_font=&#8221;|600|on||||||&#8221; border_radii=&#8221;off|15px|15px||&#8221; box_shadow_style=&#8221;preset1&#8243; global_colors_info=&#8221;{}&#8221;][\/et_pb_blog][\/et_pb_column][\/et_pb_row][et_pb_row column_structure=&#8221;1_3,1_3,1_3&#8243; _builder_version=&#8221;4.17.4&#8243; _module_preset=&#8221;default&#8221; global_colors_info=&#8221;{}&#8221;][et_pb_column type=&#8221;1_3&#8243; _builder_version=&#8221;4.17.4&#8243; _module_preset=&#8221;default&#8221; global_colors_info=&#8221;{}&#8221;][\/et_pb_column][et_pb_column type=&#8221;1_3&#8243; _builder_version=&#8221;4.17.4&#8243; _module_preset=&#8221;default&#8221; global_colors_info=&#8221;{}&#8221;][et_pb_button button_url=&#8221;https:\/\/internshipinmexico.com\/about-living-in-mexico\/&#8221; url_new_window=&#8221;on&#8221; button_text=&#8221;Experiences from other international students&#8221; button_alignment=&#8221;center&#8221; _builder_version=&#8221;4.19.5&#8243; _module_preset=&#8221;default&#8221; custom_button=&#8221;on&#8221; button_text_color=&#8221;#FFFFFF&#8221; button_bg_color=&#8221;#2b9cf2&#8243; button_border_radius=&#8221;57px&#8221; button_font=&#8221;Poppins|600|||||||&#8221; global_colors_info=&#8221;{}&#8221;][\/et_pb_button][\/et_pb_column][et_pb_column type=&#8221;1_3&#8243; _builder_version=&#8221;4.17.4&#8243; _module_preset=&#8221;default&#8221; global_colors_info=&#8221;{}&#8221;][\/et_pb_column][\/et_pb_row][et_pb_row _builder_version=&#8221;4.22.0&#8243; _module_preset=&#8221;default&#8221; max_width=&#8221;609px&#8221; locked=&#8221;off&#8221; global_colors_info=&#8221;{}&#8221;][et_pb_column type=&#8221;4_4&#8243; _builder_version=&#8221;4.22.0&#8243; _module_preset=&#8221;default&#8221; global_colors_info=&#8221;{}&#8221;][et_pb_pricing_tables _builder_version=&#8221;4.27.4&#8243; _module_preset=&#8221;default&#8221; hover_enabled=&#8221;0&#8243; global_colors_info=&#8221;{}&#8221; sticky_enabled=&#8221;0&#8243;][et_pb_pricing_table title=&#8221;Internship price&#8221; subtitle=&#8221;Limited 15% off (669,-)&#8221; currency=&#8221;\u20ac&#8221; sum=&#8221;569&#8243; bullet_color=&#8221;#e02b20&#8243; header_background_color=&#8221;#af2218&#8243; _builder_version=&#8221;4.27.4&#8243; _module_preset=&#8221;default&#8221; price_text_color=&#8221;#e0371d&#8221; header_font=&#8221;Poppins|600||on|||||&#8221; header_font_size=&#8221;29px&#8221; header_letter_spacing=&#8221;2px&#8221; body_font=&#8221;Poppins|300|||||||&#8221; body_text_color=&#8221;#686868&#8243; body_line_height=&#8221;0.86em&#8221; subheader_font_size=&#8221;17px&#8221; price_font_size=&#8221;32px&#8221; price_line_height=&#8221;42px&#8221; currency_frequency_font_size=&#8221;10px&#8221; hover_enabled=&#8221;0&#8243; global_colors_info=&#8221;{}&#8221; sticky_transition=&#8221;on&#8221; sticky_enabled=&#8221;0&#8243;]<\/p>\n<p>Nous vous mettons en relation avec une entreprise en fonction de votre profil et de vos besoins ;<\/p>\n<p>Un soutien complet tout au long du processus de recherche de votre stage ;<\/p>\n<p>La ma\u00eetrise de l'espagnol et de l'anglais nous permet de communiquer efficacement avec les entreprises et d'assurer une traduction pr\u00e9cise entre toutes les parties concern\u00e9es ;<\/p>\n<p>Nous trouvons des stages qui offrent une certaine forme de soutien \u00e9conomique ;<\/p>\n<p>Nous restons en contact avec vous et l'entreprise pendant votre stage ;<\/p>\n<p>Assistance pour toute question pratique ou recommandation, m\u00eame si elle n'est pas li\u00e9e au stage ;<\/p>\n<p>Aide \u00e0 la recherche d'un logement appropri\u00e9 ;<\/p>\n<p>Possibilit\u00e9 de suivre des cours d'espagnol suppl\u00e9mentaires avant de commencer votre stage.<\/p>\n<p>[\/et_pb_pricing_table][\/et_pb_pricing_tables][\/et_pb_column][\/et_pb_row][\/et_pb_section]<\/p>","protected":false},"excerpt":{"rendered":"<p>Stages au Mexique Vous venez de terminer vos \u00e9tudes et vous cherchez un stage \u00e0 l'\u00e9tranger ? Nous avons l'opportunit\u00e9 id\u00e9ale pour vous. Nous vous contacterons pour d\u00e9marrer le processus ! Trouvez le stage qui vous convient Consultez nos offres disponibles pour commencer votre voyage au Mexique \u00e0 [...]<\/p>","protected":false},"author":1,"featured_media":0,"parent":0,"menu_order":0,"comment_status":"closed","ping_status":"closed","template":"","meta":{"_et_pb_use_builder":"on","_et_pb_old_content":"","_et_gb_content_width":"","om_disable_all_campaigns":false,"_monsterinsights_skip_tracking":false,"_monsterinsights_sitenote_active":false,"_monsterinsights_sitenote_note":"","_monsterinsights_sitenote_category":0,"footnotes":"","_joinchat":[]},"aioseo_notices":[],"jetpack_sharing_enabled":true,"_links":{"self":[{"href":"https:\/\/internshipinmexico.com\/fr\/wp-json\/wp\/v2\/pages\/1567"}],"collection":[{"href":"https:\/\/internshipinmexico.com\/fr\/wp-json\/wp\/v2\/pages"}],"about":[{"href":"https:\/\/internshipinmexico.com\/fr\/wp-json\/wp\/v2\/types\/page"}],"author":[{"embeddable":true,"href":"https:\/\/internshipinmexico.com\/fr\/wp-json\/wp\/v2\/users\/1"}],"replies":[{"embeddable":true,"href":"https:\/\/internshipinmexico.com\/fr\/wp-json\/wp\/v2\/comments?post=1567"}],"version-history":[{"count":12,"href":"https:\/\/internshipinmexico.com\/fr\/wp-json\/wp\/v2\/pages\/1567\/revisions"}],"predecessor-version":[{"id":3850,"href":"https:\/\/internshipinmexico.com\/fr\/wp-json\/wp\/v2\/pages\/1567\/revisions\/3850"}],"wp:attachment":[{"href":"https:\/\/internshipinmexico.com\/fr\/wp-json\/wp\/v2\/media?parent=1567"}],"curies":[{"name":"wp","href":"https:\/\/api.w.org\/{rel}","templated":true}]}}