{"id":1529,"date":"2023-02-09T09:15:33","date_gmt":"2023-02-09T15:15:33","guid":{"rendered":"https:\/\/internshipinmexico.com\/?page_id=1529"},"modified":"2023-10-20T03:48:33","modified_gmt":"2023-10-20T09:48:33","slug":"our-programs-in-mexico","status":"publish","type":"page","link":"https:\/\/internshipinmexico.com\/fr\/nos-programmes-au-mexique\/","title":{"rendered":"Nos programmes au Mexique"},"content":{"rendered":"<p>[et_pb_section fb_built=\"1\u2033 admin_label=\"Hero\" _builder_version=\"4.19.5\u2033 background_enable_color=\"off\" use_background_color_gradient=\"on\" background_color_gradient_direction=\"60deg\" background_color_gradient_stops=\"rgba(0,0,0,0,0.4) 0%|rgba(0,0,0,0,0.4) 100%\" background_color_gradient_overlays_image=\"on\" background_color_gradient_start=\"rgba(0,0,0,0,0.4)\" background_color_gradient_end=\"rgba(0,0,0,0,0.4)\" background_image=\"https:\/\/internshipinmexico.com\/wp-content\/uploads\/2023\/02\/students.jpg\" custom_padding=\"0px|0px|0px|0px|true|\" global_colors_info=\"{}\"][et_pb_row column_structure=\"1_2,1_2\u2033 _builder_version=\"4.20.2\u2033 custom_padding=\"||57px||\" global_colors_info=\"{}\"][et_pb_column type=\"1_2\u2033 _builder_version=\"4.16\u2033 custom_padding=\"||60px|\" global_colors_info=\"{}\" custom_padding__hover=\"|||\"][et_pb_text _builder_version=\"4.19.5\u2033 text_font=\"Open Sans|700|||||||\" text_font_size=\"20px\" text_line_height=\"1.8em\" header_font=\"Poppins|700|||||||\" header_font_size=\"38px\" header_line_height=\"1.4em\" header_2_font=\"Poppins|800|||||||\" header_2_font_size=\"43px\" background_layout=\"dark\" max_width=\"550px\" global_colors_info=\"{}\"]<\/p>\n<h2><strong>Nos programmes au Mexique<\/strong><\/h2>\n<p>\u00cates-vous pr\u00eat \u00e0 d\u00e9couvrir le Mexique et sa culture ?<\/p>\n<p>Vivez une exp\u00e9rience unique gr\u00e2ce \u00e0 l'un de nos programmes au Mexique. Postulez d\u00e8s maintenant pour un poste ou faites-nous savoir ce que vous recherchez et nous cr\u00e9erons une opportunit\u00e9 pour vous !<\/p>\n<p>[\/et_pb_text][\/et_pb_column][et_pb_column type=\"1_2\u2033 _builder_version=\"4.16\u2033 custom_padding=\"|||\" global_colors_info=\"{}\" custom_padding__hover=\"|||\"][\/et_pb_column][\/et_pb_row][\/et_pb_section][et_pb_section fb_built=\"1\u2033 admin_label=\"Caract\u00e9ristiques\" module_id=\"stages\" _builder_version=\"4.16\u2033 background_color=\"#fafafc\" background_enable_image=\"off\" custom_margin=\"||-67px||\" global_colors_info=\"{}\"][et_pb_row module_id=\"find\" _builder_version=\"4.16\u2033 custom_padding=\"27px|0px|27px|0px\" global_colors_info=\"{}\"][et_pb_column type=\"4_4\u2033 _builder_version=\"4.16\u2033 custom_padding=\"|||\" global_colors_info=\"{}\" custom_padding__hover=\"|||\"][et_pb_text _builder_version=\"4.20.2\u2033 text_font=\"||||||||\" text_font_size=\"17px\" text_line_height=\"1.8em\" header_font=\"||||||||\" header_2_font=\"Poppins||||||||\" header_2_font_size=\"28px\" header_2_line_height=\"1.4em\" header_3_font=\"||||||||\" text_orientation=\"center\" max_width=\"764px\" module_alignment=\"center\" custom_margin=\"|156px||||\" custom_padding=\"|2px||||\" global_colors_info=\"{}\"]<\/p>\n<h2>Choisissez l'un des programmes suivants au Mexique<\/h2>\n<p>Nous avons cr\u00e9\u00e9 plusieurs opportunit\u00e9s qui vous aideront \u00e0 d\u00e9velopper vos comp\u00e9tences personnelles<\/p>\n<p>[\/et_pb_text][\/et_pb_column][\/et_pb_row][et_pb_row column_structure=\"1_3,1_3,1_3\u2033 _builder_version=\"4.20.2\u2033 _module_preset=\"default\" global_colors_info=\"{}\"][et_pb_column type=\"1_3\u2033 _builder_version=\"4.20.2\u2033 _module_preset=\"default\" global_colors_info=\"{}\"][et_pb_blurb title=\"Stages\" url=\"http:\/\/www.internshipinmexico.com\/internship-abroad\/\" image=\"https:\/\/internshipinmexico.com\/wp-content\/uploads\/2021\/08\/david-carballar-FZU-vIW-lk8-unsplash-scaled-1.jpg\" alt=\"Arts du mus\u00e9e de la ville de Mexico\" image_icon_width=\"113%\" _builder_version=\"4.19.5\u2033 _module_preset=\"default\" header_text_align=\"center\" header_font_size=\"27px\" global_colors_info=\"{}\"][\/et_pb_blurb][\/et_pb_column][et_pb_column type=\"1_3\u2033 _builder_version=\"4.20.2\u2033 _module_preset=\"default\" global_colors_info=\"{}\"][et_pb_blurb title=\"Stages\" url=\"http:\/\/www.internshipinmexico.com\/traineeships\" image=\"https:\/\/internshipinmexico.com\/wp-content\/uploads\/2023\/02\/daryl-parada-HiMu26_CNSM-unsplash-scaled.jpg\" image_icon_width=\"113%\" _builder_version=\"4.19.5\u2033 _module_preset=\"default\" header_text_align=\"center\" header_font_size=\"27px\" global_colors_info=\"{}\"][\/et_pb_blurb][\/et_pb_column][et_pb_column type=\"1_3\u2033 _builder_version=\"4.20.2\u2033 _module_preset=\"default\" global_colors_info=\"{}\"][et_pb_blurb title=\"Volontariat\" url=\"https:\/\/internshipinmexico.com\/volunteering-in-mexico\/\" image=\"https:\/\/internshipinmexico.com\/wp-content\/uploads\/2023\/01\/pexels-xhemi-photo-15149189-scaled.jpg\" alt=\"kids painting\" image_icon_width=\"113%\" _builder_version=\"4.22.2\u2033 _module_preset=\"default\" header_text_align=\"center\" header_font_size=\"27px\" global_colors_info=\"{}\"][\/et_pb_blurb][\/et_pb_column][\/et_pb_row][et_pb_row _builder_version=\"4.23\u2033 _module_preset=\"default\" global_colors_info=\"{}\"][et_pb_column type=\"4_4\u2033 _builder_version=\"4.23\u2033 _module_preset=\"default\" global_colors_info=\"{}\"][et_pb_divider show_divider=\"off\" _builder_version=\"4.23\u2033 _module_preset=\"default\" global_colors_info=\"{}\"][\/et_pb_divider][\/et_pb_column][\/et_pb_row][et_pb_row column_structure=\"1_3,1_3,1_3\u2033 _builder_version=\"4.17.4\u2033 _module_preset=\"default\" global_colors_info=\"{}\"][et_pb_column type=\"1_3\u2033 _builder_version=\"4.17.4\u2033 _module_preset=\"default\" global_colors_info=\"{}\"][\/et_pb_column][et_pb_column type=\"1_3\u2033 _builder_version=\"4.17.4\u2033 _module_preset=\"default\" global_colors_info=\"{}\"][et_pb_button button_url=\"https:\/\/internshipinmexico.com\/about-living-in-mexico\/\" url_new_window=\"on\" button_text=\"Exp\u00e9riences d'autres \u00e9tudiants internationaux\" button_alignment=\"center\" _builder_version=\"4.19.5\u2033 _module_preset=\"default\" custom_button=\"on\" button_text_color=\"#FFFFFF\" button_bg_color=\"#2b9cf2\u2033 button_border_radius=\"57px\" button_font=\"Poppins|600|||||||\" global_colors_info=\"{}\"][\/et_pb_button][\/et_pb_column][et_pb_column type=\"1_3\u2033 _builder_version=\"4.17.4\u2033 _module_preset=\"default\" global_colors_info=\"{}\"][\/et_pb_column][\/et_pb_row][et_pb_row _builder_version=\"4.23\u2033 _module_preset=\"default\"][et_pb_column _builder_version=\"4.23\u2033 _module_preset=\"default\" type=\"4_4\u2033][et_pb_divider _builder_version=\"4.23\u2033 _module_preset=\"default\" show_divider=\"off\" hover_enabled=\"0\u2033 sticky_enabled=\"0\u2033][\/et_pb_divider][\/et_pb_column][\/et_pb_row][\/et_pb_section]<\/p>","protected":false},"excerpt":{"rendered":"<p>Nos programmes au Mexique \u00cates-vous pr\u00eat \u00e0 d\u00e9couvrir le Mexique et sa culture ? Vivez une exp\u00e9rience unique gr\u00e2ce \u00e0 l'un de nos programmes au Mexique. Postulez d\u00e8s maintenant pour un poste ou faites-nous savoir ce que vous recherchez et nous cr\u00e9erons une opportunit\u00e9 pour vous!Choisissez l'un des programmes suivants au Mexique Nous avons cr\u00e9\u00e9 [...]<\/p>","protected":false},"author":1,"featured_media":0,"parent":0,"menu_order":0,"comment_status":"closed","ping_status":"closed","template":"","meta":{"_et_pb_use_builder":"on","_et_pb_old_content":"","_et_gb_content_width":"","om_disable_all_campaigns":false,"_monsterinsights_skip_tracking":false,"_monsterinsights_sitenote_active":false,"_monsterinsights_sitenote_note":"","_monsterinsights_sitenote_category":0,"footnotes":"","_joinchat":[]},"aioseo_notices":[],"jetpack_sharing_enabled":true,"_links":{"self":[{"href":"https:\/\/internshipinmexico.com\/fr\/wp-json\/wp\/v2\/pages\/1529"}],"collection":[{"href":"https:\/\/internshipinmexico.com\/fr\/wp-json\/wp\/v2\/pages"}],"about":[{"href":"https:\/\/internshipinmexico.com\/fr\/wp-json\/wp\/v2\/types\/page"}],"author":[{"embeddable":true,"href":"https:\/\/internshipinmexico.com\/fr\/wp-json\/wp\/v2\/users\/1"}],"replies":[{"embeddable":true,"href":"https:\/\/internshipinmexico.com\/fr\/wp-json\/wp\/v2\/comments?post=1529"}],"version-history":[{"count":32,"href":"https:\/\/internshipinmexico.com\/fr\/wp-json\/wp\/v2\/pages\/1529\/revisions"}],"predecessor-version":[{"id":2679,"href":"https:\/\/internshipinmexico.com\/fr\/wp-json\/wp\/v2\/pages\/1529\/revisions\/2679"}],"wp:attachment":[{"href":"https:\/\/internshipinmexico.com\/fr\/wp-json\/wp\/v2\/media?parent=1529"}],"curies":[{"name":"wp","href":"https:\/\/api.w.org\/{rel}","templated":true}]}}