{"id":12,"date":"2021-08-08T22:36:33","date_gmt":"2021-08-08T22:36:33","guid":{"rendered":"https:\/\/internshipinmexico.com\/?page_id=12"},"modified":"2023-10-24T07:07:33","modified_gmt":"2023-10-24T13:07:33","slug":"about-internship-in-mexico","status":"publish","type":"page","link":"https:\/\/internshipinmexico.com\/fr\/a-propos-du-stage-au-mexique\/","title":{"rendered":"\u00c0 propos de"},"content":{"rendered":"<p>[et_pb_section fb_built=\"1\u2033 admin_label=\"Hero\" _builder_version=\"4.16\u2033 background_enable_color=\"off\" use_background_color_gradient=\"on\" background_color_gradient_direction=\"60deg\" background_color_gradient_stops=\"rgba(0,0,0,0,0.4) 0%|rgba(0,0,0,0,0.4) 100%\" background_color_gradient_overlays_image=\"on\" background_color_gradient_start=\"rgba(0,0,0,0,0,0.4)\" background_color_gradient_end=\"rgba(0,0,0,0,0.4)\" background_image=\"https:\/\/internshipinmexico.com\/wp-content\/uploads\/2021\/08\/alex-zamora-Na23yKyWF5c-unsplash-scaled-1.jpg\" background_position=\"bottom_center\" min_height=\"526px\" custom_padding=\"100px|0px|0px||\" locked=\"off\" global_colors_info=\"{}\"][et_pb_row column_structure=\"1_2,1_2\u2033 _builder_version=\"4.16\u2033 custom_padding=\"|||\" global_colors_info=\"{}\"][et_pb_column type=\"1_2\u2033 _builder_version=\"4.16\u2033 custom_padding=\"||60px|\" global_colors_info=\"{}\" custom_padding__hover=\"|||\"][et_pb_text _builder_version=\"4.16\u2033 text_font=\"Open Sans|600||on|||||\" text_font_size=\"16px\" text_line_height=\"1.8em\" header_font=\"Open Sans|600|||||||\" header_font_size=\"14px\" background_layout=\"dark\" max_width=\"550px\" custom_margin=\"||-6px||\" custom_padding=\"|||\" global_colors_info=\"{}\"]<\/p>\n<p>Stage au Mexique<\/p>\n<p>[\/et_pb_text][et_pb_text _builder_version=\"4.23\u2033 text_font=\"Open Sans|700|||||||\" text_font_size=\"20px\" text_line_height=\"1.8em\" header_font=\"Poppins|700|||||||\" header_font_size=\"38px\" header_line_height=\"1.4em\" background_layout=\"dark\" max_width=\"550px\" global_colors_info=\"{}\"]<\/p>\n<h1>\u00c0 propos de nous<\/h1>\n<p>Nous sommes la force motrice des programmes qui changent la vie au Mexique. Passionn\u00e9s par la mise en relation d'\u00e9tudiants exceptionnels avec des entreprises de premier plan, nous sommes votre porte d'entr\u00e9e pour une exp\u00e9rience \u00e0 l'\u00e9tranger.<\/p>\n<p>En savoir plus sur les sp\u00e9cialistes des stages au Mexique.<\/p>\n<p>[\/et_pb_text][\/et_pb_column][et_pb_column type=\"1_2\u2033 _builder_version=\"4.16\u2033 custom_padding=\"|||\" global_colors_info=\"{}\" custom_padding__hover=\"|||\"][\/et_pb_column][\/et_pb_row][\/et_pb_section][et_pb_section fb_built=\"1\u2033 _builder_version=\"4.16\u2033 _module_preset=\"default\" global_colors_info=\"{}\"][et_pb_row column_structure=\"1_2,1_2\u2033 _builder_version=\"4.16\u2033 _module_preset=\"default\" global_colors_info=\"{}\"][et_pb_column type=\"1_2\u2033 _builder_version=\"4.16\u2033 _module_preset=\"default\" global_colors_info=\"{}\"][et_pb_blurb title=\"Mission\" image=\"https:\/\/internshipinmexico.com\/wp-content\/uploads\/2022\/05\/victor-VTHliTT2XGI-unsplash-1.jpg\" image_icon_width=\"100%\" _builder_version=\"4.23\u2033 _module_preset=\"default\" header_font=\"|800|||||||\" header_font_size=\"18px\" body_font=\"||||||||\" body_font_size=\"18px\" body_line_height=\"1.7em\" image_icon_custom_margin=\"||-8px||false|false\" image_icon_custom_padding=\"|0px|0px|false|false\" border_radii_image=\"on|7px|7px|7px|7px\" global_colors_info=\"{}\"]]<\/p>\n<p>La mission de Internship in Mexico est de mettre en relation les \u00e9tudiants avec des opportunit\u00e9s de stage exceptionnelles dans des entreprises s\u00e9lectionn\u00e9es au Mexique. Nous nous engageons \u00e0 garantir la satisfaction des \u00e9tudiants et des entreprises partenaires gr\u00e2ce \u00e0 notre service de placement consciencieux. Nous visons l'excellence et fournissons des conseils essentiels pour une exp\u00e9rience extraordinaire et inoubliable au Mexique.<\/p>\n<p>[\/et_pb_blurb][\/et_pb_column][et_pb_column type=\"1_2\u2033 _builder_version=\"4.16\u2033 _module_preset=\"default\" global_colors_info=\"{}\"][et_pb_blurb title=\"Vision\" image=\"https:\/\/internshipinmexico.com\/wp-content\/uploads\/2022\/05\/emir-saldierna-oHWCOXSYdsg-unsplash1.jpg\" image_icon_width=\"100%\" _builder_version=\"4.23\u2033 _module_preset=\"default\" header_font=\"|800|||||||\" header_font_size=\"18px\" body_font=\"||||||||\" body_font_size=\"18px\" body_line_height=\"1.7em\" image_icon_custom_margin=\"||-8px||false|false\" image_icon_custom_padding=\"|0px|0px|false|false\" hover_enabled=\"0\u2033 border_radii_image=\"on|7px|7px|7px|7px\" global_colors_info=\"{}\" sticky_enabled=\"0\u2033]<\/p>\n<p>Notre vision est d'\u00eatre la premi\u00e8re agence \u00e0 offrir des stages de haute qualit\u00e9 au Mexique \u00e0 des \u00e9tudiants du monde entier. Nous nous effor\u00e7ons de mettre en relation des entreprises de premier plan avec des \u00e9tudiants de haut niveau. Notre engagement profond est d'offrir aux \u00e9tudiants une exp\u00e9rience inoubliable qui changera leur vie gr\u00e2ce \u00e0 nos programmes au Mexique. Nous mettons l'accent sur le d\u00e9veloppement personnel et l'am\u00e9lioration des comp\u00e9tences de nos \u00e9tudiants tout en les immergeant dans la riche culture mexicaine.<\/p>\n<p>[\/et_pb_blurb][\/et_pb_column][\/et_pb_row][\/et_pb_section][et_pb_section fb_built=\"1\u2033 _builder_version=\"4.16\u2033 _module_preset=\"default\" background_enable_image=\"off\" custom_margin=\"2px|||||\" custom_padding=\"20px|||||\" global_colors_info=\"{}\"][et_pb_row column_structure=\"3_5,2_5\u2033 _builder_version=\"4.16\u2033 _module_preset=\"default\" global_colors_info=\"{}\"][et_pb_column type=\"3_5\u2033 _builder_version=\"4.16\u2033 _module_preset=\"default\" global_colors_info=\"{}\"][et_pb_blurb title=\"Notre histoire\" image=\"https:\/\/internshipinmexico.com\/wp-content\/uploads\/2021\/08\/Guanajuato-colours.jpg\" image_icon_width=\"100%\" _builder_version=\"4.23\u2033 _module_preset=\"default\" header_font=\"|800|||||||\" header_font_size=\"18px\" body_font=\"||||||||\" body_font_size=\"18px\" body_line_height=\"1.7em\" image_icon_custom_margin=\"||-8px||false|false\" image_icon_custom_padding=\"|0px|0px|false|false\" border_radii_image=\"on|7px|7px|7px|7px\" global_colors_info=\"{}\"]]<\/p>\n<p>Internship in Mexico a \u00e9t\u00e9 cr\u00e9\u00e9 par une Hollandaise qui est venue au Mexique sans aucune attente. Pendant ses \u00e9tudes et son stage au Mexique, elle est tomb\u00e9e amoureuse du pays et a cr\u00e9\u00e9 elle-m\u00eame cette agence.<\/p>\n<p>Nous sommes actuellement deux \u00e0 partager la m\u00eame passion pour le Mexique. Nous voulons vous faire vivre une exp\u00e9rience inoubliable, comme n'importe quel autre \u00e9tudiant d'\u00e9change.<\/p>\n<p>En raison de l'\u00e9loignement, il est difficile de trouver des informations sur le Mexique. Nous vous aiderons \u00e0 trouver un stage, un logement et des cours d'espagnol. Nous veillerons \u00e0 ce que vous sachiez tout ce qu'il faut savoir sur le Mexique pour que vous puissiez \u00eatre s\u00fbr de votre choix. Nous sommes l\u00e0 pour vous donner des conseils et des astuces. Nous sommes heureux de r\u00e9pondre \u00e0 toutes vos questions sur le Mexique et sur tout ce qui concerne votre voyage.<\/p>\n<p>Vous voulez en savoir plus sur nous ? Lisez nos blogs : <a href=\"https:\/\/internshipinmexico.com\/fr\/comment-un-stage-au-mexique-a-t-il-debute\/\" target=\"_blank\" rel=\"noopener\"><em>Comment Internship in Mexico a-t-il commenc\u00e9 ?<\/em><\/a> et <a href=\"https:\/\/internshipinmexico.com\/fr\/mon-voyage-et-experience-a-letranger\/\" target=\"_blank\" rel=\"noopener\"><em>Mon voyage et mon exp\u00e9rience \u00e0 l'\u00e9tranger<\/em><\/a>.<\/p>\n<p>[\/et_pb_blurb][\/et_pb_column][et_pb_column type=\"2_5\u2033 _builder_version=\"4.16\u2033 _module_preset=\"default\" global_colors_info=\"{}\"][et_pb_video src=\"https:\/\/www.youtube.com\/watch?v=cmDRtPzb3D0\u2033 image_src=\"https:\/\/internshipinmexico.com\/wp-content\/uploads\/2021\/08\/pexels-mikhail-nilov-6943664-scaled-1.jpg\" _builder_version=\"4.19.4\u2033 _module_preset=\"default\" custom_margin=\"0px||||false|false\" global_colors_info=\"{}\"][\/et_pb_video][et_pb_text _builder_version=\"4.23\u2033 _module_preset=\"default\" text_font=\"||||||||\" text_font_size=\"16px\" text_line_height=\"1.8em\" header_font=\"||||||||\" header_text_align=\"left\" header_2_font=\"Poppins||||||||\" header_2_font_size=\"28px\" header_2_line_height=\"1.4em\" header_3_font=\"||||||||\" module_alignment=\"center\" global_colors_info=\"{}\"]<\/p>\n<h4 style=\"text-align: left;\"><strong>Une fois au Mexique, on ne veut plus jamais rentrer chez soi.<\/strong><\/h4>\n<h5 style=\"text-align: left;\">M\u00e9xico Magico<\/h5>\n<h5 style=\"text-align: left;\"><em>Avec des cr\u00e9dits pour <a href=\"https:\/\/www.instagram.com\/celiaaiguille\/\" target=\"_blank\" rel=\"noopener noreferrer\">@celiaaiguille<\/a><\/em><\/h5>\n<p>[\/et_pb_text][et_pb_button button_url=\"https:\/\/internshipinmexico.com\/internship-abroad\" url_new_window=\"on\" button_text=\"Trouver des stages\" button_alignment=\"left\" _builder_version=\"4.23\u2033 _module_preset=\"default\" custom_button=\"on\" button_text_size=\"14px\" button_text_color=\"#ffffff\" button_bg_color=\"#2b9cf2\u2033 button_border_width=\"0px\" button_border_radius=\"100px\" button_letter_spacing=\"1px\" button_font=\"Poppins|600|on|||||\" button_use_icon=\"off\" background_layout=\"dark\" custom_padding=\"10px|30px|10px|30px\" animation_style=\"fade\" box_shadow_style=\"preset3\u2033 box_shadow_vertical=\"8px\" box_shadow_color=\"rgba(0,137,242,0.61)\" global_colors_info=\"{}\" button_letter_spacing__hover=\"1px\" button_letter_spacing__hover_enabled=\"on\"][\/et_pb_button][et_pb_button button_url=\"https:\/\/internshipinmexico.com\/international-student-housing\" url_new_window=\"on\" button_text=\"Trouver un logement\" button_alignment=\"left\" _builder_version=\"4.23\u2033 _module_preset=\"default\" custom_button=\"on\" button_text_size=\"14px\" button_text_color=\"#ffffff\" button_bg_color=\"#2b9cf2\u2033 button_border_width=\"0px\" button_border_radius=\"100px\" button_letter_spacing=\"1px\" button_font=\"Poppins|600|on|||||\" button_use_icon=\"off\" background_layout=\"dark\" custom_padding=\"10px|30px|10px|30px\" animation_style=\"fade\" box_shadow_style=\"preset3\u2033 box_shadow_vertical=\"8px\" box_shadow_color=\"rgba(0,137,242,0.61)\" global_colors_info=\"{}\" button_letter_spacing__hover=\"1px\" button_letter_spacing__hover_enabled=\"on\"][\/et_pb_button][et_pb_button button_url=\"https:\/\/internshipinmexico.com\/spanish-course\/\" url_new_window=\"on\" button_text=\"Trouvez votre cours d'espagnol\" button_alignment=\"left\" _builder_version=\"4.23\u2033 _module_preset=\"default\" custom_button=\"on\" button_text_size=\"14px\" button_text_color=\"#ffffff\" button_bg_color=\"#2b9cf2\u2033 button_border_width=\"0px\" button_border_radius=\"100px\" button_letter_spacing=\"1px\" button_font=\"Poppins|600|on|||||\" button_use_icon=\"off\" background_layout=\"dark\" custom_padding=\"10px|30px|10px|30px\" animation_style=\"fade\" box_shadow_style=\"preset3\u2033 box_shadow_vertical=\"8px\" box_shadow_color=\"rgba(0,137,242,0.61)\" global_colors_info=\"{}\" button_letter_spacing__hover=\"1px\" button_letter_spacing__hover_enabled=\"on\"][\/et_pb_button][\/et_pb_column][\/et_pb_row][\/et_pb_section]<\/p>","protected":false},"excerpt":{"rendered":"<p>1TP1\u00c0 propos de nous Nous sommes la force motrice des programmes qui changent la vie au Mexique. Avec une passion pour la mise en relation d'\u00e9tudiants exceptionnels avec des entreprises de premier plan, nous sommes votre porte d'entr\u00e9e pour une exp\u00e9rience \u00e0 l'\u00e9tranger. Notre mission chez Internship in Mexico est de mettre en relation des \u00e9tudiants avec des opportunit\u00e9s de stage exceptionnelles au sein d'entreprises s\u00e9lectionn\u00e9es [...]<\/p>","protected":false},"author":2,"featured_media":0,"parent":0,"menu_order":0,"comment_status":"closed","ping_status":"closed","template":"","meta":{"_et_pb_use_builder":"on","_et_pb_old_content":"","_et_gb_content_width":"","om_disable_all_campaigns":false,"_monsterinsights_skip_tracking":false,"_monsterinsights_sitenote_active":false,"_monsterinsights_sitenote_note":"","_monsterinsights_sitenote_category":0,"footnotes":"","_joinchat":{"telephone":"+3162600023"}},"aioseo_notices":[],"jetpack_sharing_enabled":true,"_links":{"self":[{"href":"https:\/\/internshipinmexico.com\/fr\/wp-json\/wp\/v2\/pages\/12"}],"collection":[{"href":"https:\/\/internshipinmexico.com\/fr\/wp-json\/wp\/v2\/pages"}],"about":[{"href":"https:\/\/internshipinmexico.com\/fr\/wp-json\/wp\/v2\/types\/page"}],"author":[{"embeddable":true,"href":"https:\/\/internshipinmexico.com\/fr\/wp-json\/wp\/v2\/users\/2"}],"replies":[{"embeddable":true,"href":"https:\/\/internshipinmexico.com\/fr\/wp-json\/wp\/v2\/comments?post=12"}],"version-history":[{"count":40,"href":"https:\/\/internshipinmexico.com\/fr\/wp-json\/wp\/v2\/pages\/12\/revisions"}],"predecessor-version":[{"id":2699,"href":"https:\/\/internshipinmexico.com\/fr\/wp-json\/wp\/v2\/pages\/12\/revisions\/2699"}],"wp:attachment":[{"href":"https:\/\/internshipinmexico.com\/fr\/wp-json\/wp\/v2\/media?parent=12"}],"curies":[{"name":"wp","href":"https:\/\/api.w.org\/{rel}","templated":true}]}}