{"id":251,"date":"2021-08-11T13:42:21","date_gmt":"2021-08-11T18:42:21","guid":{"rendered":"https:\/\/internshipinmexico.com\/?page_id=251"},"modified":"2025-08-16T17:42:31","modified_gmt":"2025-08-16T23:42:31","slug":"frequently-asked-questions","status":"publish","type":"page","link":"https:\/\/internshipinmexico.com\/es\/preguntas-frecuentes\/","title":{"rendered":"Preguntas frecuentes"},"content":{"rendered":"<p>[et_pb_section fb_built=\"1\u2033 admin_label=\"H\u00e9roe\" _builder_version=\"4.16\u2033 background_enable_color=\"off\" use_background_color_gradient=\"on\" background_color_gradient_direction=\"60deg\" background_color_gradient_stops=\"rgba(0,0,0,0.4) 0%|rgba(0,0,0,0.4) 100%\" background_color_gradient_overlays_image=\"on\" background_color_gradient_start=\"rgba(0,0,0,0.4)\" background_color_gradient_end=\"rgba(0,0,0,0.4)\" background_image=\"https:\/\/internshipinmexico.com\/wp-content\/uploads\/2021\/08\/faq2.jpg\" background_position=\"bottom_center\" custom_padding=\"100px|0px|100px|0px\" locked=\"off\" global_colors_info=\"{}\"][et_pb_row column_structure=\"1_2,1_2\u2033 _builder_version=\"4.16\u2033 custom_padding=\"|||\" global_colors_info=\"{}\"][et_pb_column type=\"1_2\u2033 _builder_version=\"4.16\u2033 custom_padding=\"||60px|\" global_colors_info=\"{}\" custom_padding__hover=\"|||\"][et_pb_text _builder_version=\"4.16\u2033 text_font=\"4.16\u2033 text_font=\"Open Sans|600||on|||||\" text_font_size=\"16px\" text_line_height=\"1.8em\" header_font=\"Open Sans|600|||||||\" header_font_size=\"14px\" background_layout=\"dark\" max_width=\"550px\" custom_margin=\"||-6px|||\" custom_padding=\"|||\" global_colors_info=\"{}\"]<\/p>\n<p>Internship in Mexico<\/p>\n<p>[\/et_pb_text][et_pb_text _builder_version=\"4.16\u2033 text_font=\"Open Sans|700|||||||\" text_font_size=\"20px\" text_line_height=\"1.8em\" header_font=\"Poppins|700|||||||\" header_font_size=\"38px\" header_line_height=\"1.4em\" background_layout=\"dark\" max_width=\"550px\" global_colors_info=\"{}\"]<\/p>\n<h1>Preguntas frecuentes<\/h1>\n<p>Informaci\u00f3n general para ayudarte con cualquier duda que tengas<\/p>\n<p>[\/et_pb_text][\/et_pb_column][et_pb_column type=&#8221;1_2&#8243; _builder_version=&#8221;4.16&#8243; custom_padding=&#8221;|||&#8221; global_colors_info=&#8221;{}&#8221; custom_padding__hover=&#8221;|||&#8221;][\/et_pb_column][\/et_pb_row][\/et_pb_section][et_pb_section fb_built=&#8221;1&#8243; admin_label=&#8221;FAQ Section&#8221; _builder_version=&#8221;4.16&#8243; custom_padding=&#8221;90px||90px|&#8221; global_colors_info=&#8221;{}&#8221;][et_pb_row admin_label=&#8221;FAQ&#8221; _builder_version=&#8221;4.16&#8243; max_width=&#8221;900px&#8221; use_custom_width=&#8221;on&#8221; custom_width_px=&#8221;900px&#8221; global_colors_info=&#8221;{}&#8221;][et_pb_column type=&#8221;4_4&#8243; _builder_version=&#8221;4.16&#8243; custom_padding=&#8221;|||&#8221; global_colors_info=&#8221;{}&#8221; custom_padding__hover=&#8221;|||&#8221;][et_pb_accordion open_toggle_text_color=&#8221;#E02B20&#8243; open_toggle_background_color=&#8221;rgba(0,0,0,0.03)&#8221; closed_toggle_background_color=&#8221;rgba(0,0,0,0)&#8221; icon_color=&#8221;#c93d38&#8243; _builder_version=&#8221;4.27.4&#8243; toggle_text_color=&#8221;#333333&#8243; toggle_font=&#8221;Montserrat||||||||&#8221; toggle_line_height=&#8221;1.5em&#8221; body_font=&#8221;||||||||&#8221; body_font_size=&#8221;16px&#8221; body_line_height=&#8221;1.8em&#8221; hover_enabled=&#8221;0&#8243; border_style_all=&#8221;none&#8221; global_colors_info=&#8221;{}&#8221; sticky_enabled=&#8221;0&#8243;][et_pb_accordion_item title=&#8221;What are the prices?&#8221; open=&#8221;on&#8221; _builder_version=&#8221;4.27.4&#8243; hover_enabled=&#8221;0&#8243; global_colors_info=&#8221;{}&#8221; sticky_enabled=&#8221;0&#8243;]<\/p>\n<p>Our service for finding an internship has a price of \u20ac569, which is split into two payments. \u20ac284 to start the search for an internship and \u00a0\u20ac285 when company and student accept the internship offer.<\/p>\n<p>Our service for finding an accommodation has a price of \u20ac48.<\/p>\n<p>[\/et_pb_accordion_item][et_pb_accordion_item title=\"\u00bfC\u00f3mo funciona?\" _builder_version=\"4.16\u2033 global_colors_info=\"{}\" open=\"off\"]<\/p>\n<p><strong>Paso 1<\/strong> - Aplica en <a href=\"https:\/\/internshipinmexico.com\/es\/internships\/\">esta p\u00e1gina.<\/a><\/p>\n<p><strong>Paso 2<\/strong> - Nos pondremos en contacto contigo para hablar de tu solicitud y hacerte unas preguntas de seguimiento, se te explicar\u00e1n las tarifas del servicio y su estructura.<\/p>\n<p><strong>Paso 3<\/strong> - T\u00fa realizas el pedido del servicio cubriendo el primer pago del costo total y nosotros comenzaremos la b\u00fasqueda para tus pr\u00e1cticas.<\/p>\n<p><strong>Paso 4<\/strong> - Nos pondremos en contacto contigo para ofrecerte opciones basadas en tus criterios y te programamos las citas de entrevista contigo y con la empresa. Una vez que ambas partes est\u00e9n de acuerdo con los t\u00e9rminos de pr\u00e1cticas, se pagar\u00e1 el costo restante del servicio y firmar\u00e1s el acuerdo de contrato de pr\u00e1cticas y comenzar\u00e1s oficialmente tu viaje a M\u00e9xico<\/p>\n<p>[\/et_pb_accordion_item][et_pb_accordion_item title=\"\u00bfLas pr\u00e1cticas son remuneradas?\" _builder_version=\"4.16\u2033 global_colors_info=\"{}\" open=\"off\"]<\/p>\n<p>S\u00ed, s\u00f3lo trabajamos con empresas que ofrecen una compensaci\u00f3n al estudiante. Sin embargo, la compensaci\u00f3n puede variar seg\u00fan la empresa.<\/p>\n<p>[\/et_pb_accordion_item][et_pb_accordion_item title=\"\u00bfCu\u00e1les son los gastos que debo tomar en cuenta antes de venir a M\u00e9xico?\" _builder_version=\"4.16\u2033 _module_preset=\"default\" global_colors_info=\"{}\" open=\"off\"]<\/p>\n<p>Debes tener en cuenta los siguientes costos:<\/p>\n<ul>\n<li>Vuelos<\/li>\n<li>Seguro (de viaje)<\/li>\n<li>Cualquier costo relacionado con las vacunas<\/li>\n<li>Renta de una habitaci\u00f3n<\/li>\n<\/ul>\n<p>[\/et_pb_accordion_item][et_pb_accordion_item title=\"\u00bfPuedo elegir una ciudad concreta?\" _builder_version=\"4.16\u2033 global_colors_info=\"{}\" open=\"off\"]<\/p>\n<p>S\u00ed, puedes elegir tu ciudad de preferencia en tu solicitud. Haremos la investigaci\u00f3n en la ciudad seleccionada y adicionalmente tambi\u00e9n investigaremos en otras ciudades, para ofrecer oportunidades adicionales que puedan ser de tu inter\u00e9s.<\/p>\n<p>[\/et_pb_accordion_item][et_pb_accordion_item title=\"\u00bfQu\u00e9 ocurre si pierdo una entrevista?\" _builder_version=\"4.16\u2033 global_colors_info=\"{}\" open=\"off\"]<\/p>\n<p>Al igual que cualquier otra solicitud, ser\u00e1 entrevistado por la empresa. A la hora de la entrevista se pide profesionalidad. Esto significa que tendr\u00e1s que prepararte con los datos de la empresa y las preguntas que te gustar\u00eda hacer. A su vez, la empresa tambi\u00e9n te har\u00e1 preguntas.<\/p>\n<p>[\/et_pb_accordion_item][et_pb_accordion_item title=\"\u00bfQu\u00e9 ocurre si rechazo una oferta?\" _builder_version=\"4.16\u2033 global_colors_info=\"{}\" open=\"off\"]<\/p>\n<p>Podemos darte 3 ofertas, para lo cual puedes rechazar hasta 2 ofertas que se ajusten a tus requisitos de estudio y universidad.\u00a0<\/p>\n<p>[\/et_pb_accordion_item][et_pb_accordion_item title=\"\u00bfMe ayudas a encontrar alojamiento?\" _builder_version=\"4.16\u2033 global_colors_info=\"{}\" open=\"off\"]<\/p>\n<p>S\u00ed, sabemos que puede ser dif\u00edcil encontrar una habitaci\u00f3n mientras no est\u00e1s en la ciudad. Podemos ayudarte a encontrar una habitaci\u00f3n de acuerdo a tus necesidades en cualquier ciudad de M\u00e9xico.\u00a0<\/p>\n<p>[\/et_pb_accordion_item][et_pb_accordion_item title=\"\u00bfNecesito un visado?\" _builder_version=\"4.16\u2033 global_colors_info=\"{}\" open=\"off\"]<\/p>\n<p>Si el pa\u00eds del que procedes forma parte de la Uni\u00f3n Europea, no necesitas un visado para tu periodo de pr\u00e1cticas si no es superior a 180 d\u00edas. Si decides seguir trabajando en M\u00e9xico con un salario, entonces s\u00ed, necesitas un visado.<\/p>\n<p>[\/et_pb_accordion_item][et_pb_accordion_item title=\"\u00bfPuedes ayudarme a conseguir un visado?\" _builder_version=\"4.16\u2033 global_colors_info=\"{}\" open=\"off\"]<\/p>\n<p>S\u00ed, cuando sea necesario, podemos ayudarte a conseguir los documentos adecuados para completar tu proceso de visado.<\/p>\n<p>[\/et_pb_accordion_item][\/et_pb_accordion][\/et_pb_column][\/et_pb_row][\/et_pb_section]<\/p>","protected":false},"excerpt":{"rendered":"<p>Internship in MexicoFrequently Asked Questions General information to help you with any doubts you haveOur service for finding an internship has a price of \u20ac569, which is split into two payments. \u20ac284 to start the search for an internship and \u00a0\u20ac285 when company and student accept the internship offer. Our service for finding an accommodation [&hellip;]<\/p>","protected":false},"author":1,"featured_media":0,"parent":0,"menu_order":0,"comment_status":"closed","ping_status":"closed","template":"","meta":{"_et_pb_use_builder":"on","_et_pb_old_content":"","_et_gb_content_width":"","om_disable_all_campaigns":false,"_monsterinsights_skip_tracking":false,"_monsterinsights_sitenote_active":false,"_monsterinsights_sitenote_note":"","_monsterinsights_sitenote_category":0,"footnotes":"","_joinchat":[]},"aioseo_notices":[],"jetpack_sharing_enabled":true,"_links":{"self":[{"href":"https:\/\/internshipinmexico.com\/es\/wp-json\/wp\/v2\/pages\/251"}],"collection":[{"href":"https:\/\/internshipinmexico.com\/es\/wp-json\/wp\/v2\/pages"}],"about":[{"href":"https:\/\/internshipinmexico.com\/es\/wp-json\/wp\/v2\/types\/page"}],"author":[{"embeddable":true,"href":"https:\/\/internshipinmexico.com\/es\/wp-json\/wp\/v2\/users\/1"}],"replies":[{"embeddable":true,"href":"https:\/\/internshipinmexico.com\/es\/wp-json\/wp\/v2\/comments?post=251"}],"version-history":[{"count":27,"href":"https:\/\/internshipinmexico.com\/es\/wp-json\/wp\/v2\/pages\/251\/revisions"}],"predecessor-version":[{"id":3848,"href":"https:\/\/internshipinmexico.com\/es\/wp-json\/wp\/v2\/pages\/251\/revisions\/3848"}],"wp:attachment":[{"href":"https:\/\/internshipinmexico.com\/es\/wp-json\/wp\/v2\/media?parent=251"}],"curies":[{"name":"wp","href":"https:\/\/api.w.org\/{rel}","templated":true}]}}