{"id":248,"date":"2021-08-11T13:41:22","date_gmt":"2021-08-11T18:41:22","guid":{"rendered":"https:\/\/internshipinmexico.com\/?page_id=248"},"modified":"2021-09-02T10:30:13","modified_gmt":"2021-09-02T15:30:13","slug":"guide-for-parents","status":"publish","type":"page","link":"https:\/\/internshipinmexico.com\/es\/guia-para-padres\/","title":{"rendered":"Gu\u00eda para los padres"},"content":{"rendered":"<p>[et_pb_section fb_built=\"1\u2033 admin_label=\"H\u00e9roe\" _builder_version=\"4.9.10\u2033 background_enable_color=\"off\" use_background_color_gradient=\"on\" background_color_gradient_start=\"rgba(0,0,0,0.4)\" background_color_gradient_end=\"rgba(0,0,0. 0.44)\" background_color_gradient_direction=\"60deg\" background_color_gradient_overlays_image=\"on\" background_image=\"https:\/\/internshipinmexico.com\/wp-content\/uploads\/2021\/08\/parents.jpg\" min_height=\"473.7px\" custom_padding=\"100px|0px|0px|0px||\" locked=\"off\" global_colors_info=\"{}\"][et_pb_row column_structure=\"1_2,1_2\u2033 _builder_version=\"3.25\u2033 custom_padding=\"|||\" global_colors_info=\"{}\"][et_pb_column type=\"1_2\u2033 _builder_version=\"3.25\u2033 custom_padding=\"||60px|\" global_colors_info=\"{}\" custom_padding__hover=\"|||\"][et_pb_text _builder_version=\"4.8.2\u2033 text_font=\"Open Sans|600||on|||||\" text_font_size=\"16px\" text_line_height=\"1.8em\" header_font=\"Open Sans|600|||||||\" header_font_size=\"14px\" background_layout=\"dark\" max_width=\"550px\" custom_margin=\"||-6px|||\" custom_padding=\"|||\" global_colors_info=\"{}\"]<\/p>\n<p>Internship in Mexico<\/p>\n<p>[\/et_pb_text][et_pb_text _builder_version=\"4.10.5\u2033 text_font=\"Open Sans|700|||||||\" text_font_size=\"20px\" text_line_height=\"1.8em\" header_font=\"Poppins|700|||||||\" header_font_size=\"38px\" header_line_height=\"1.4em\" background_layout=\"dark\" max_width=\"550px\" global_colors_info=\"{}\"]<\/p>\n<h1>Gu\u00eda para los padres<\/h1>\n<p>Unas pr\u00e1cticas tan lejanas pueden dar miedo al principio, pero son una experiencia de aprendizaje incre\u00edble para su hijo o hija.<\/p>\n<p>[\/et_pb_text][\/et_pb_column][et_pb_column type=\"1_2\u2033 _builder_version=\"3.25\u2033 custom_padding=\"|||\" global_colors_info=\"{}\" custom_padding__hover=\"|||\"][\/et_pb_column][\/et_pb_row][\/et_pb_section][et_pb_section fb_built=\"1\u2033 _builder_version=\"4.10.5\u2033 _module_preset=\"default\" custom_padding=\"||1px|||\" global_colors_info=\"{}\"][et_pb_row _builder_version=\"3.25\u2033 custom_margin=\"|auto|1px|auto||\" global_colors_info=\"{}\"][et_pb_column type=\"4_4\u2033 _builder_version=\"3.25\u2033 custom_padding=\"|||\" global_colors_info=\"{}\" custom_padding__hover=\"|||\"][et_pb_text _builder_version=\"4.10.5\u2033 text_font=\"||||||||\" text_font_size=\"18px\" text_line_height=\"1.8em\" header_font=\"||||||||\" header_text_align=\"left\" header_2_font=\"Poppins||||||||\" header_2_font_size=\"28px\" header_2_line_height=\"1.4em\" header_3_font=\"||||||||\" module_alignment=\"center\" global_colors_info=\"{}\"]<\/p>\n<h2 style=\"text-align: center;\">\u00bfPor qu\u00e9 M\u00e9xico?<\/h2>\n<p>\u00bfLe gustar\u00eda a su hijo o hija hacer sus pr\u00e1cticas en M\u00e9xico? Con Pr\u00e1cticas en M\u00e9xico, \u00e9l o ella estar\u00e1 en buenas manos.<\/p>\n<p>[\/et_pb_text][\/et_pb_column][\/et_pb_row][\/et_pb_section][et_pb_section fb_built=\"1\u2033 admin_label=\"Secci\u00f3n\" _builder_version=\"4.9.10\u2033 _module_preset=\"default\" custom_padding=\"3px|||||\" global_colors_info=\"{}\"][et_pb_row column_structure=\"1_2,1_2\u2033 _builder_version=\"4.10.5\u2033 _module_preset=\"default\" global_colors_info=\"{}\"][et_pb_column type=\"1_2\u2033 _builder_version=\"4.9.10\u2033 _module_preset=\"default\" global_colors_info=\"{}\"][et_pb_image src=\"https:\/\/internshipinmexico.com\/wp-content\/uploads\/2021\/08\/app-marketing-icon-07-6.png\" admin_label=\"Icono1\u2033 _builder_version=\"3.23\u2033 max_width=\"64px\" custom_margin=\"|||\" custom_margin_last_edited=\"off|desktop\" always_center_on_mobile=\"off\" global_colors_info=\"{}\"][\/et_pb_image][et_pb_text _builder_version=\"4.9.10\u2033 _module_prespreset=\"predeterminado\" text_colors_info=\"{}10.5\u2033 text_font=\"||||||||\" text_font_size=\"16px\" text_line_height=\"1.8em\" header_font=\"||||||||\" header_4_font=\"Poppins|600||on|||||\" header_4_font_size=\"20px\" global_colors_info=\"{}\"]<\/p>\n<h4>\u00bfPor qu\u00e9 M\u00e9xico?<\/h4>\n<ul>\n<li>Su hijo o hija vivir\u00e1 una experiencia \u00fanica en su vida, en la que podr\u00e1 ver y aprender de una cultura diferente y hacer nuevos amigos de todo el mundo.<\/li>\n<li>Podr\u00e1n desarrollar m\u00e1s habilidades personales, convirti\u00e9ndose en personas experimentadas.<\/li>\n<li>Obtendr\u00e1n una experiencia internacional que les ayudar\u00e1 a avanzar en su carrera. Tu hijo o hija destacar\u00e1 m\u00e1s.<\/li>\n<li>Se convertir\u00e1 en una persona que domina un nuevo idioma.<\/li>\n<li>Los mexicanos son muy amables y est\u00e1n muy orgullosos de su pa\u00eds. Les encanta hacer pasar un buen rato a los extranjeros, ense\u00f1arles la cultura y est\u00e1n deseosos de mostrarles los mejores lugares.<\/li>\n<li>El espa\u00f1ol mexicano tambi\u00e9n se considera un acento f\u00e1cil de aprender.<\/li>\n<\/ul>\n<p>[\/et_pb_text][\/et_pb_column][et_pb_column type=\"1_2\u2033 _builder_version=\"4.9.10\u2033 _module_preset=\"default\" global_colors_info=\"{}\"][et_pb_image src=\"https:\/\/internshipinmexico.com\/wp-content\/uploads\/2021\/08\/app-marketing-icon-07-6.png\" admin_label=\"Icon1\u2033 _builder_version=\"3.23\u2033 max_width=\"64px\" custom_margin=\"|||\" custom_margin_last_edited=\"off|desktop\" always_center_on_mobile=\"off\" global_colors_info=\"{}\"][\/et_pb_image][et_pb_text _builder_version=\"4.10.5\u2033 text_font=\"||||||||\" text_font_size=\"16px\" text_line_height=\"1.8em\" header_font=\"||||||||\" header_4_font=\"Poppins|600||on|||||\" header_4_font_size=\"20px\" hover_enabled=\"0\u2033 global_colors_info=\"{}\" sticky_enabled=\"0\u2033]<\/p>\n<h4>\u00bfPor qu\u00e9 elegirnos?<\/h4>\n<ul>\n<li>Seleccionamos la empresa que se considera para las pr\u00e1cticas, para asegurarnos de que es un buen ambiente para su hijo o hija. Estamos en constante contacto con la empresa para asegurarnos de que tu hijo aproveche al m\u00e1ximo su tiempo en M\u00e9xico.<\/li>\n<li>Construimos este servicio porque nosotros mismos fuimos pasantes en M\u00e9xico. Sabemos que puede ser dif\u00edcil encontrar una pr\u00e1ctica en otro pa\u00eds donde no hablas el idioma o no conoces a nadie. Con Pr\u00e1cticas en M\u00e9xico, hacemos esto mucho m\u00e1s sencillo y seguro para tu hijo.<\/li>\n<li>Somos su soluci\u00f3n para todo lo que su hijo o hija necesitar\u00e1 para preparar su estancia en M\u00e9xico. Las pr\u00e1cticas, el alojamiento y, si es necesario, clases de idiomas o apoyo con el papeleo.<\/li>\n<\/ul>\n<p>[\/et_pb_text][\/et_pb_column][\/et_pb_row][\/et_pb_section]<\/p>","protected":false},"excerpt":{"rendered":"<p>Internship in MexicoGu\u00eda para Padres Unas pr\u00e1cticas tan lejanas pueden parecer aterradoras al principio, pero son una incre\u00edble experiencia de aprendizaje para tu hijo o hija.\u00bfPor qu\u00e9 M\u00e9xico? \u00bfA tu hijo o hija le gustar\u00eda hacer sus pr\u00e1cticas en M\u00e9xico? Con Internship in Mexico estar\u00e1 en buenas manos.\u00bfPor qu\u00e9 M\u00e9xico? Tu hijo [...]<\/p>","protected":false},"author":1,"featured_media":0,"parent":0,"menu_order":0,"comment_status":"closed","ping_status":"closed","template":"","meta":{"_et_pb_use_builder":"on","_et_pb_old_content":"","_et_gb_content_width":"","om_disable_all_campaigns":false,"_monsterinsights_skip_tracking":false,"_monsterinsights_sitenote_active":false,"_monsterinsights_sitenote_note":"","_monsterinsights_sitenote_category":0,"footnotes":"","_joinchat":[]},"aioseo_notices":[],"jetpack_sharing_enabled":true,"_links":{"self":[{"href":"https:\/\/internshipinmexico.com\/es\/wp-json\/wp\/v2\/pages\/248"}],"collection":[{"href":"https:\/\/internshipinmexico.com\/es\/wp-json\/wp\/v2\/pages"}],"about":[{"href":"https:\/\/internshipinmexico.com\/es\/wp-json\/wp\/v2\/types\/page"}],"author":[{"embeddable":true,"href":"https:\/\/internshipinmexico.com\/es\/wp-json\/wp\/v2\/users\/1"}],"replies":[{"embeddable":true,"href":"https:\/\/internshipinmexico.com\/es\/wp-json\/wp\/v2\/comments?post=248"}],"version-history":[{"count":18,"href":"https:\/\/internshipinmexico.com\/es\/wp-json\/wp\/v2\/pages\/248\/revisions"}],"predecessor-version":[{"id":421,"href":"https:\/\/internshipinmexico.com\/es\/wp-json\/wp\/v2\/pages\/248\/revisions\/421"}],"wp:attachment":[{"href":"https:\/\/internshipinmexico.com\/es\/wp-json\/wp\/v2\/media?parent=248"}],"curies":[{"name":"wp","href":"https:\/\/api.w.org\/{rel}","templated":true}]}}