{"id":245,"date":"2021-08-11T13:39:14","date_gmt":"2021-08-11T18:39:14","guid":{"rendered":"https:\/\/internshipinmexico.com\/?page_id=245"},"modified":"2025-08-16T17:43:31","modified_gmt":"2025-08-16T23:43:31","slug":"terms-conditions","status":"publish","type":"page","link":"https:\/\/internshipinmexico.com\/es\/terminos-y-condiciones\/","title":{"rendered":"T\u00e9rminos y condiciones"},"content":{"rendered":"<p>[et_pb_section fb_built=\"1\u2033 fullwidth=\"on\" admin_label=\"T\u00edtulo\" _builder_version=\"4.16\u2033 background_image=\"https:\/\/internshipinmexico.com\/wp-content\/uploads\/2021\/08\/internship-hero-image-layout.jpg\" background_position=\"bottom_center\" custom_padding=\"|||\" global_colors_info=\"{}\"][et_pb_fullwidth_header title=\"@ET-DC@eyJkeW5hbWljIjp0cnVlLCJjb250ZW50IjoicG9zdF90aXRsZSIsInNldHRpbmdzIjp7ImJlZm9yZSI6IiIsImFmdGVyIjoiIn19@\" subhead=\"@ET-DC@eyJkeW5hbWljIjp0cnVlLCJjb250ZW50IjoicG9zdF9jYXRlZ29yaWVzIiwic2V0dGluZ3MiOnsiYmVmb3JlIjoiIiwiYWZ0ZXIiOiILCJsaW5rX3RvX3Rlcm1fcGFnZSI6Im9uIiwic2VwYXJhdG9yIjoiIHwgIiwiY2F0ZWdvcnlfdHlwZSI6ImNhdGVnb3J5In19@\" button_one_text=\"Leer m\u00e1s\" button_one_url=\"#more\" content_max_width=\"900px\" admin_label=\"Encabezado\" _builder_version=\"4.16\u2033 _dynamic_attributes=\"title,subhead\" title_font=\"Raleway|700|||||||\" title_font_size=\"50px\" title_line_height=\"1.4em\" content_font=\"Poppins||||||||\" content_font_size=\"16px\" content_line_height=\"1.8em\" subhead_font=\"Poppins|600||on|||||\" subhead_text_color=\"#FFFFFF\" subhead_letter_spacing=\"4px\" subhead_line_height=\"1.8em\" content_link_text_color=\"#FFFFFF\" background_color=\"rgba(0,0,0,0.2)\" use_background_color_gradient=\"on\" background_color_gradient_direction=\"90deg\" background_color_gradient_stops=\"#000000 0%|rgba(0,0,0,0. 22) 19%\" background_color_gradient_start=\"#000000\u2033 background_color_gradient_end=\"rgba(0,0,0,0.2)\" background_color_gradient_end_position=\"19%\" custom_button_one=\"on\" button_one_text_size=\"14px\" button_one_bg_color=\"#2b9cf2\u2033 button_one_border_width=\"12px\" button_one_border_color=\"#2b9cf2\u2033 button_one_letter_spacing=\"2px\" button_one_font=\"Poppins|600||on|||||\" button_one_icon=\"$||divi||400\u2033 custom_button_two=\"on\" button_two_text_size=\"14px\" button_two_text_color=\"#29cb8b\" button_two_bg_color=\"#ffffff\" button_two_border_width=\"12px\" button_two_border_color=\"#ffffff\" button_two_letter_spacing=\"2px\" button_two_font=\"Poppins|600||on|||||\" button_two_icon=\"$||divi||400\u2033 custom_padding=\"100px||100px||true\" title_font_size_tablet=\"40px\" title_font_size_phone=\"30px\" title_font_size_last_edited=\"on|desktop\" content_font_size_last_edited=\"off|desktop\" subhead_font_size_tablet=\"40px\" subhead_font_size_phone=\"30px\" subhead_font_size_last_edited=\"off|desktop\" button_one_letter_spacing_hover=\"2px\" button_two_letter_spacing_hover=\"2px\" global_colors_info=\"{}\" button_one_text_size__hover_enabled=\"off\" button_two_text_size__hover_enabled=\"off\" button_one_text_color__hover_enabled=\"off\" button_two_text_color__hover_enabled=\"off\" button_one_border_width__hover_enabled=\"off\" button_two_border_width__hover_enabled=\"off\" button_one_border_color__hover_enabled=\"off\" button_two_border_color__hover_enabled=\"off\" button_one_border_radius__hover_enabled=\"off\" button_two_border_radius__hover_enabled=\"desactivado\" button_one_letter_spacing__hover_enabled=\"activado\" button_one_letter_spacing__hover=\"2px\" button_two_letter_spacing__hover_enabled=\"activado\" button_two_letter_spacing__hover=\"2px\" button_one_bg_color__hover_enabled=\"off\" button_two_bg_color__hover_enabled=\"off\"][\/et_pb_fullwidth_header][\/et_pb_section][et_pb_section fb_built=\"1\u2033 custom_padding_last_edited=\"off|desktop\" admin_label=\"Sobre\" module_id=\"more\" _builder_version=\"4.16\u2033 background_enable_image=\"off\" module_alignment=\"right\" custom_padding=\"80px||80px||true|false\" custom_padding_tablet=\"||120px|\" global_colors_info=\"{}\"][et_pb_row _builder_version=\"4.16\u2033 custom_margin=\"||50px|\" custom_padding=\"60px|0px|60px|0px|true|false\" border_color_all=\"rgba(0,0,0,0.12)\" border_width_bottom=\"2px\" global_colors_info=\"{}\"][et_pb_column type=\"4_4\u2033 _builder_version=\"4.16\u2033 custom_padding=\"|||\" global_colors_info=\"{}\" custom_padding__hover=\"|||\"][et_pb_text ul_type=\"circle\" admin_label=\"Sobre el trabajo\" _builder_version=\"4.16\u2033 _module_preset=\u201d3c66fabf-241e-4f05-99c2-203b61f1b434\u2033 text_font=\"Poppins||||||||\" text_font_size=\"16px\" text_line_height=\"2em\" ul_font=\"Poppins||||||||\" ul_line_height=\"2em\" header_font=\"||||||||\" header_2_font=\"|700|||||||\" header_2_font_size=\"20px\" header_2_line_height=\"1.4em\" header_3_font=\"Raleway|700|||||||\" header_3_font_size=\"24px\" header_3_line_height=\"1.4em\" header_4_font=\"|700|||||||\" header_4_font_size=\"16px\" header_4_line_height=\"1.4em\" width=\"100%\" width_tablet=\"\" width_phone=\"100%\" width_last_edited=\"on|phone\" custom_margin=\"||50px|\" global_colors_info=\"{}\"]<\/p>\n<ol>\n<li><strong> Definiciones<\/strong><\/li>\n<\/ol>\n<p>1.1 Pasant\u00eda en M\u00e9xico: \u00a8Internship in Mexico an Experience of a Lifetime SAS de C.V.\u00a8 es una entidad legal registrada bajo la ley mexicana, como \u00a8Simplified Actions Company with Variable Capital\u00a8 (Sociedad de Acciones Simplificadas S.A. DE C.V.), seg\u00fan el n\u00famero de acta legal: <strong>SAS-1.2-202011-357743, <\/strong><span>emitido por la Secretar\u00eda de Econom\u00eda, representada por Jans Sunny, que funcionar\u00e1 como contratista, mencionado adem\u00e1s como IIM.<\/span><\/p>\n<p>1.2 El Estudiante: el Estudiante siempre act\u00faa como cliente y en lo sucesivo tambi\u00e9n se le denomina \"\u00e9l\/ella\" o \"\u00e9l\/ella\".<\/p>\n<p>1.3 Partes: Pr\u00e1cticas en M\u00e9xico y el Estudiante se denominan conjuntamente en lo sucesivo \"Partes\".<\/p>\n<p>1.4 La Empresa de Pr\u00e1cticas \/ Lugar de Pr\u00e1cticas: la empresa en la que el Estudiante adquiere experiencia pr\u00e1ctica, contingentemente en el contexto de la formaci\u00f3n que est\u00e1 siguiendo.<\/p>\n<p>1.5 el convenio (de pr\u00e1cticas): el acuerdo celebrado entre el Estudiante, la Empresa de Pr\u00e1cticas y, eventualmente, la instituci\u00f3n educativa en la que est\u00e1 matriculado el Estudiante. Cuando este acuerdo se refiere al convenio (de pr\u00e1cticas), se trata de un convenio (de pr\u00e1cticas) tanto oral como escrito.<\/p>\n<p>1.6 El programa de Pr\u00e1cticas: El programa profesional, oportunidad o puesto que desempe\u00f1ar\u00e1 el Estudiante y que fue obtenido por Pr\u00e1cticas en M\u00e9xico.<\/p>\n<p>1.7 El anticipo: un importe de 185 euros (IVA incluido) que el estudiante debe abonar a Internship in Mexico antes de que tenga lugar la asignaci\u00f3n.<\/p>\n<p>1.8 T&amp;C: Las presentes condiciones.<\/p>\n<p><strong>\u00a0<\/strong><\/p>\n<p><strong>2. Servicios.<\/strong><\/p>\n<p>2.1 Al pagar por cualquier servicio del IIM, mencionado en el Art\u00edculo 4.1, el Estudiante est\u00e1 de acuerdo con los presentes T&amp;C y otorga su autorizaci\u00f3n al IIM, con el prop\u00f3sito de encontrar un Programa de Pr\u00e1cticas en el territorio de los Estados Unidos Mexicanos (M\u00e9xico). El pago inicial tambi\u00e9n incluye el acceso de El Estudiante a los Programas de Pr\u00e1cticas vigentes que son ofrecidos por IIM.<\/p>\n<p>2.2 Por un pago inicial adicional el IIM podr\u00eda tambi\u00e9n asesorar al Estudiante en la b\u00fasqueda de alojamiento en la localidad donde se va a desarrollar el Programa de Pr\u00e1cticas.<\/p>\n<p>2.3 El IIM no ser\u00e1 responsable del \u00e9xito en la elecci\u00f3n o del rendimiento del Estudiante en los Programas de Pr\u00e1cticas seleccionados por el Estudiante.<\/p>\n<p><strong><span>\u00a0<\/span><\/strong><\/p>\n<ol start=\"3\">\n<li><strong> Asignaci\u00f3n<\/strong><\/li>\n<\/ol>\n<p><span>3.1 El Estudiante concede al IIM el encargo, que el IIM acepta por la presente, de mediar en nombre del Estudiante en el establecimiento de uno o m\u00e1s acuerdos (de pr\u00e1cticas) entre el Estudiante y la Empresa de Pr\u00e1cticas. A petici\u00f3n y previo pago del Estudiante, el IIM puede tambi\u00e9n mediar en el contexto del encargo en la b\u00fasqueda de alojamiento para el Estudiante. La asignaci\u00f3n comienza cuando el IIM ha recibido el pago inicial del Estudiante.<\/span><\/p>\n<p><span>3.2 Las partes no se ponen de acuerdo sobre un acuerdo de mandato; el encargo de mediaci\u00f3n tiene por objeto que el Estudiante y la Empresa de Pr\u00e1cticas lleguen en \u00faltima instancia a otros acuerdos por s\u00ed mismos mediante la celebraci\u00f3n de un convenio (de pr\u00e1cticas) y que el arrendador y el Estudiante lleguen en \u00faltima instancia a otros acuerdos por s\u00ed mismos sobre el alquiler de un alojamiento. La cesi\u00f3n no incluye expresamente la solicitud de un visado por parte del IIM en nombre del Estudiante. Es responsabilidad del Estudiante solicitar un visado (a tiempo) y si es necesario. En el marco de la asignaci\u00f3n, el IIM gu\u00eda y asesora al Estudiante en la solicitud de un visado. El IIM nunca ser\u00e1 responsable ante el Estudiante en este caso (y de acuerdo con las disposiciones del art\u00edculo 4.4 de este acuerdo).<\/span><\/p>\n<p><span>3.3 El IIM tiene la obligaci\u00f3n de hacer todo lo posible, y expresamente ninguna obligaci\u00f3n de lograr, para ejecutar la asignaci\u00f3n dentro de sesenta (60) d\u00edas despu\u00e9s de recibir el pago inicial por el estudiante - como se describe en el art\u00edculo 3 de este acuerdo. Las partes pueden cambiar o ampliar el plazo en consulta. El IIM ha cumplido con su obligaci\u00f3n de hacer todo lo posible despu\u00e9s de que haya tenido lugar una toma de contacto (por tel\u00e9fono o correo electr\u00f3nico) con el Estudiante, el IIM haya elaborado un perfil personal del Estudiante, y el IIM haya propuesto al Estudiante al menos un puesto de pr\u00e1cticas y hasta tres puestos de pr\u00e1cticas a su propia discreci\u00f3n. El IIM siempre est\u00e1 obligado a hacer al menos una propuesta de pr\u00e1cticas al Estudiante.<\/span><\/p>\n<p><span>3.4 Si, como resultado de su obligaci\u00f3n de hacer todo lo posible, el IIM propone unas pr\u00e1cticas al Estudiante, \u00e9ste tiene derecho a rechazar la propuesta si cree que la propuesta de pr\u00e1cticas no es adecuada. El Estudiante puede aceptar y\/o rechazar la propuesta por tel\u00e9fono o enviando un correo electr\u00f3nico al IIM e indicando que acepta o rechaza la propuesta. Si una vez transcurrido el plazo de sesenta (60) d\u00edas el Estudiante no ha aceptado una propuesta del IIM y no se ha concluido ning\u00fan acuerdo (de pr\u00e1cticas), el Estudiante tendr\u00e1 derecho a la devoluci\u00f3n del anticipo si la propuesta de pr\u00e1cticas no es, en su opini\u00f3n, adecuada. En todos los dem\u00e1s casos, el Estudiante no tiene derecho a la devoluci\u00f3n del anticipo. Los \"otros casos\" incluyen, pero no se limitan a, los casos mencionados en el art\u00edculo 4.4 en los apartados a. a e.<\/span><\/p>\n<p><span>3.5 Si el Estudiante rechaza hasta un m\u00e1ximo de 3 propuestas adecuadas, el IIM ya no est\u00e1 obligado a presentar m\u00e1s propuestas al Estudiante como parte de su obligaci\u00f3n de hacer el mejor esfuerzo.<\/span><\/p>\n<p><span>3.6 Si, despu\u00e9s de la conclusi\u00f3n del convenio (de pr\u00e1cticas), pero antes del comienzo de las pr\u00e1cticas, la Empresa de Pr\u00e1cticas rescinde, disuelve o no ejecuta el convenio (de pr\u00e1cticas), sin culpa del Estudiante, la obligaci\u00f3n del IIM descrita en el art\u00edculo 3.3 de este convenio se reanudar\u00e1 por un per\u00edodo de treinta (30) d\u00edas. Las partes pueden ampliar el plazo en consulta.<\/span><\/p>\n<p>3.7 Si se producen cambios importantes por parte de la Empresa de Pr\u00e1cticas despu\u00e9s de la conclusi\u00f3n del acuerdo (de pr\u00e1cticas) y\/o despu\u00e9s de que las pr\u00e1cticas hayan comenzado, como resultado de los cuales las pr\u00e1cticas ya no son adecuadas para el Estudiante, el IIM est\u00e1 obligado a hacer el mejor esfuerzo con la b\u00fasqueda de una nueva Empresa de Pr\u00e1cticas como una cuesti\u00f3n de urgencia y alta prioridad. El IIM ha cumplido con su obligaci\u00f3n de hacer el mejor esfuerzo en este sentido cuando el IIM ha presentado una (1) propuesta adecuada al Estudiante en un plazo de treinta (30) d\u00edas. Si el Estudiante no acepta esta propuesta, el Estudiante no tiene derecho a un reembolso de los gastos de mediaci\u00f3n. Los cambios importantes incluyen, pero no se limitan a:<\/p>\n<ul>\n<li>a. La quiebra de la empresa de pr\u00e1cticas;<\/li>\n<li>b. La empresa de pr\u00e1cticas rescinde el convenio (de pr\u00e1cticas).<\/li>\n<li>c. La Empresa de Pr\u00e1cticas traslada el lugar donde se realiza el convenio (de pr\u00e1cticas) tan lejos que el convenio (de pr\u00e1cticas) ya no puede ser ejecutado razonablemente, todo ello a valorar por el \u00fanico criterio de IIM.<\/li>\n<\/ul>\n<p><strong><span>\u00a0<\/span><\/strong><\/p>\n<ol start=\"4\">\n<li><strong><span> Gastos de mediaci\u00f3n<\/span><\/strong><\/li>\n<\/ol>\n<p><span>4.1 El IIM y el Estudiante acuerdan los siguientes precios para los servicios que el Estudiante requiere.<\/span><\/p>\n<ul>\n<li><span> A total amount of \u20ac569 (incl. VAT) for finding an internship, consisting of two payments, a Down Payment of \u20ac284 before the assignment takes place and a payment of \u20ac285 at the end of the search and after acceptance of the proposal made by IIM. <\/span><\/li>\n<li><span> Un pago de 48 euros (IVA incluido) para encontrar alojamiento.<\/span><\/li>\n<li><span> Un pago adicional para cuando el Estudiante decida seguir trabajando en la Empresa de Pr\u00e1cticas en funci\u00f3n del salario ofrecido por la Empresa de Pr\u00e1cticas cuyos detalles se encuentran en el art\u00edculo 4.6 de este convenio. El IIM env\u00eda al Estudiante una solicitud de pago a este respecto por correo electr\u00f3nico.<\/span><\/li>\n<\/ul>\n<p><span>4.2 La cesi\u00f3n, tal y como se describe en el Art\u00edculo 3.1 de este acuerdo, comienza despu\u00e9s de que IIM haya recibido el Pago Inicial de 185 \u20ac (IVA incluido) en el n\u00famero de cuenta <\/span><span>NL40 INGB 0748 8522 98 con BIC: INGBNL2A <\/span><span>a nombre de Sunny Jans, con el concepto de M\u00e9xico y el nombre de dicho Estudiante. Tambi\u00e9n puede ser transferido a la cuenta de PayPal de sunnyjansx@gmail.com. Si el IIM no encuentra una empresa de pr\u00e1cticas adecuada, el IIM reembolsar\u00e1 el anticipo al n\u00famero de cuenta del Estudiante en un plazo razonable.<\/span><\/p>\n<p><span>4.3 Si el Estudiante acepta una propuesta de pr\u00e1cticas del IIM mediante la conclusi\u00f3n de un acuerdo (de pr\u00e1cticas), y la instituci\u00f3n educativa aprueba las pr\u00e1cticas, el Estudiante debe el pago restante acordado al IIM. El Estudiante est\u00e1 obligado a pagar la cantidad restante dentro de los siete (7) d\u00edas siguientes a la recepci\u00f3n de la solicitud de pago por correo electr\u00f3nico de IIM en el n\u00famero de cuenta mencionado en el art\u00edculo 4.2 de este acuerdo. Si esta cantidad no se paga en el plazo establecido, el IIM tiene derecho a cancelar el convenio de pr\u00e1cticas.<\/span><\/p>\n<p><span>4.4 El IIM y el Estudiante acuerdan que la obligaci\u00f3n de pagar el resto tras la aceptaci\u00f3n de la propuesta de Pr\u00e1cticas por parte del Estudiante y la aprobaci\u00f3n de las mismas por parte de la instituci\u00f3n educativa es definitiva e incondicional. En ning\u00fan caso el Estudiante tiene derecho a suspender sus obligaciones de pago hacia el IIM, a compensar la reclamaci\u00f3n del IIIM contra \u00e9l\/ella con cualquier contrademanda, y\/o a disolver este acuerdo en su totalidad o en parte. Adem\u00e1s de lo anterior, despu\u00e9s de la aceptaci\u00f3n de la propuesta, el Estudiante no tiene de ninguna manera derecho a un reembolso del Dep\u00f3sito y\/o del pago final, incluyendo (pero no limitado a) las siguientes situaciones:<\/span><\/p>\n<ul>\n<li><span>a. El Estudiante decide aceptar unas pr\u00e1cticas distintas a las propuestas por el IIM.<\/span><\/li>\n<li><span>b. El estudiante no tiene un visado a tiempo.<\/span><\/li>\n<li><span>c. El Estudiante no tiene suficientes cr\u00e9ditos de estudio para iniciar las pr\u00e1cticas.<\/span><\/li>\n<li><span>d. El Estudiante, por cualquier raz\u00f3n, no puede viajar a la Empresa de Pr\u00e1cticas y comenzar las pr\u00e1cticas, incluyendo (pero sin limitarse a) la situaci\u00f3n de salud del Estudiante, la guerra, la movilizaci\u00f3n total o parcial, las regulaciones gubernamentales, el fuego, las huelgas, las interrupciones de trabajo, las epidemias o pandemias, al menos cualquier otro aspecto m\u00e1s all\u00e1 de la influencia de IIM.<\/span><\/li>\n<li><span>e. La empresa de pr\u00e1cticas rescinde el convenio (de pr\u00e1cticas), por cualquier motivo.<\/span><\/li>\n<\/ul>\n<p><span>4.5 Si el Estudiante no acepta la propuesta de pr\u00e1cticas por parte del IIM, el Estudiante no deber\u00e1 el importe restante, a no ser que inicie unas pr\u00e1cticas en el plazo de un a\u00f1o y medio despu\u00e9s de la propuesta o est\u00e9 trabajando en una relaci\u00f3n laboral en la Empresa de Pr\u00e1cticas.<\/span><\/p>\n<p>4.6 En el caso de que la Empresa de Pr\u00e1cticas ofrezca un puesto de trabajo al Estudiante al finalizar el Programa de Pr\u00e1cticas, el Estudiante se compromete a pagar al IIM una cuota adicional, que depender\u00e1 del salario ofrecido, de acuerdo con lo siguiente<span>\u00a0<\/span><\/p>\n<ul>\n<li>Con un salario de \u2265$10.000 MXN (brutos) al mes, el estudiante paga una cuota adicional \u00fanica de 100 euros, - IVA incluido.<\/li>\n<li>Con un salario de \u2265$12.000 MXN (brutos) al mes, el estudiante paga una cuota adicional \u00fanica de 120 euros, - IVA incluido.<\/li>\n<li>Con un salario de \u2265$15.000 MXN (brutos) al mes, el estudiante paga una cuota adicional \u00fanica de 150 euros, - IVA incluido.<\/li>\n<li>Con un salario de \u2265$20.000 MXN (brutos) al mes, el estudiante paga una cuota adicional \u00fanica de 220 euros, - IVA incluido.<\/li>\n<\/ul>\n<p>El Estudiante est\u00e1 obligado a pagar la cantidad mencionada anteriormente dentro de los siete (7) d\u00edas siguientes a la recepci\u00f3n de la solicitud de pago por correo electr\u00f3nico a IIM al n\u00famero de cuenta mencionado en el art\u00edculo 4.2 de este acuerdo, a menos que IIM indique lo contrario. El IIM cobrar\u00e1 esta cantidad (15) d\u00edas despu\u00e9s de la finalizaci\u00f3n del convenio de pr\u00e1cticas.<\/p>\n<p><strong><span>\u00a0<\/span><\/strong><\/p>\n<ol start=\"5\">\n<li><strong><span> Responsabilidad<\/span><\/strong><\/li>\n<\/ol>\n<p><span>5.1 El Estudiante declara que es consciente de que el IIM s\u00f3lo act\u00faa como mediador y que el IIM no es una parte contratante del acuerdo (de pr\u00e1cticas) entre la Empresa de Pr\u00e1cticas y el Estudiante, y que el IIM no es una parte contratante del acuerdo de alquiler entre un arrendador y el Estudiante. Por lo tanto, el IIM no es responsable de la ejecuci\u00f3n de las pr\u00e1cticas. Adem\u00e1s, el IIM no es responsable de ning\u00fan defecto en el alojamiento.<\/span><\/p>\n<p><span>5.2 Sujeto a las disposiciones de la ley obligatoria y a la razonabilidad y equidad, el IIM no es de ninguna manera responsable ante el Estudiante por los da\u00f1os sufridos por \u00e9ste que hayan surgido como resultado de la ejecuci\u00f3n de esta asignaci\u00f3n para mediar y\/o el acuerdo (de pr\u00e1cticas) y\/o el alquiler, incluyendo, pero sin limitarse a, los da\u00f1os directos, los da\u00f1os consecuentes, los da\u00f1os personales, los da\u00f1os resultantes de la muerte, la p\u00e9rdida sufrida y\/o la p\u00e9rdida de beneficios. En la medida en que se haya establecido judicialmente que el IIM, a pesar de lo anterior, sigue siendo responsable ante el Estudiante, la obligaci\u00f3n de pagar una indemnizaci\u00f3n se limitar\u00e1 en todo momento a 2.500 euros.<\/span><\/p>\n<p><span>5.3 El IIM no se responsabiliza en ning\u00fan caso de los da\u00f1os sufridos por terceros, incluyendo la Empresa de Pr\u00e1cticas y la instituci\u00f3n educativa en la que el Estudiante est\u00e1 inscrito. El Estudiante exime al IIM de cualquier responsabilidad al respecto.<\/span><\/p>\n<p><span>5.4 El Estudiante tiene la responsabilidad, si es necesario, de tramitar y recibir un visado a tiempo antes de las pr\u00e1cticas, as\u00ed como de prorrogar un visado ya recibido, si es necesario. Si no lo hace o no lo hace a tiempo, el IIM no es responsable de ninguna manera de cualquier da\u00f1o directo o consecuente que el Estudiante sufra como resultado.<\/span><\/p>\n<p><span>5.5 El IIM no se responsabiliza de ninguna manera de los da\u00f1os que el Estudiante sufra si la pr\u00e1ctica tiene que ser terminada antes del comienzo y\/o si el Estudiante sufre un retraso en los estudios, independientemente de la raz\u00f3n para ello. Adem\u00e1s, el IIM no es responsable de los da\u00f1os sufridos por el Estudiante en el alojamiento y sus alrededores.<\/span><\/p>\n<p><span>5.6 El Estudiante tiene la obligaci\u00f3n, antes de viajar al pa\u00eds en el que se encuentra la Empresa de Pr\u00e1cticas, de disponer de los seguros necesarios, incluyendo, entre otros, un seguro de viaje y de cancelaci\u00f3n adecuado.<\/span><\/p>\n<p><strong><span>\u00a0<\/span><\/strong><\/p>\n<ol start=\"6\">\n<li><strong> Terminaci\u00f3n. <\/strong><\/li>\n<\/ol>\n<p>6.1 El IIM est\u00e1 en todo momento autorizado a terminar el acuerdo y a interrumpir los servicios, sin ninguna responsabilidad por da\u00f1os. El Estudiante tiene derecho a terminar el acuerdo en cualquier momento, sin tener derecho a reclamar da\u00f1os y perjuicios o el reembolso de los pagos realizados.<\/p>\n<p>&nbsp;<\/p>\n<ol start=\"7\">\n<li><strong> Fotos y publicaci\u00f3n<\/strong><\/li>\n<\/ol>\n<p>7.1 El IIM puede pedir al Estudiante que comparta fotos de su experiencia de pr\u00e1cticas, con el IIM. Adem\u00e1s, el IIM puede pedir al Estudiante que colabore en la redacci\u00f3n de un art\u00edculo con fines comerciales. Si el Estudiante cumple con tal petici\u00f3n de IIM, IIM se reserva el derecho de publicar las fotos enviadas por el Estudiante, las fotos que muestren al Estudiante, y el art\u00edculo para fines comerciales a su propia discreci\u00f3n.<\/p>\n<p><strong><span>\u00a0<\/span><\/strong><\/p>\n<ol start=\"8\">\n<li><strong> Penalizaci\u00f3n<\/strong><\/li>\n<\/ol>\n<p>8.1 El Estudiante no est\u00e1 autorizado a pasar los datos (de contacto) de la Empresa de Pr\u00e1cticas, de las personas que trabajan o est\u00e1n relacionadas de alguna manera con la Empresa de Pr\u00e1cticas o los datos (de contacto) de los arrendadores a terceros, ni a colocarlos en una base de datos (de vacantes) en el sentido m\u00e1s amplio de la palabra, ni a publicarlos en los medios sociales y\/o en Internet, sin el permiso por escrito de IIM.<\/p>\n<p>8.2 El Estudiante tampoco podr\u00e1 celebrar ning\u00fan acuerdo con la Empresa de Pr\u00e1cticas sin la previa notificaci\u00f3n al IIM a la siguiente direcci\u00f3n de correo electr\u00f3nico: info@internshipinmexico.com la cual deber\u00e1 tener la confirmaci\u00f3n de recepci\u00f3n por parte del IIM en el lapso de 7 d\u00edas h\u00e1biles (de acuerdo a la Ley Laboral Mexicana).<\/p>\n<p>8.3 Si el Estudiante act\u00faa en violaci\u00f3n de las disposiciones del art\u00edculo 8.1, est\u00e1 obligado a pagar una multa de 50 euros por d\u00eda que contin\u00fae la violaci\u00f3n, hasta un m\u00e1ximo de 500 euros, sin perjuicio del derecho del IIM a reclamar al Estudiante una compensaci\u00f3n por los da\u00f1os que el IIM sufra como resultado de la violaci\u00f3n del art\u00edculo 8.1 y 8.2 de este acuerdo.<\/p>\n<p><strong><span>\u00a0<\/span><\/strong><\/p>\n<ol start=\"9\">\n<li><strong> Jurisdicci\u00f3n y ley aplicable<\/strong><\/li>\n<\/ol>\n<p>9.1 Las partes acuerdan que los presentes T&amp;C se regir\u00e1n por las leyes aplicables y los Tribunales Competentes del Estado de Jalisco en el territorio de los Estados Unidos Mexicanos (M\u00e9xico).<\/p>\n<p>9.2 En caso de cualquier controversia, las partes tratar\u00e1n de encontrar una soluci\u00f3n amistosa guiada por los principios de la buena fe. En caso de que las partes no puedan encontrar ninguna soluci\u00f3n, deber\u00e1n citar la controversia a un centro de mediaci\u00f3n autorizado en Guadalajara, Jalisco, en t\u00e9rminos de la Ley de Justicia Alternativa del Estado de Jalisco. S\u00f3lo en el caso de que las partes hayan agotado dichas instancias, tendr\u00e1n derecho a demandar ante los Tribunales Competentes del Estado de Jalisco en el Territorio de los Estados Unidos Mexicanos (M\u00e9xico).<\/p>\n<p>&nbsp;<\/p>\n<p>[\/et_pb_text][\/et_pb_column][\/et_pb_row][\/et_pb_section]<\/p>","protected":false},"excerpt":{"rendered":"<p>Definiciones 1.1 Internship in Mexico: \u00a8Internship in Mexico una Experiencia de Vida SAS de C.V.\u00a8 es una persona moral registrada conforme a la Ley Mexicana, como \u00a8Sociedad de Acciones Simplificadas de Capital Variable\u00a8 (Sociedad de Acciones Simplificadas S.A. DE C.V.), seg\u00fan el n\u00famero de acta jur\u00eddica: SAS-1.2-202011-357743, expedido por la Secretar\u00eda de Econom\u00eda, representada por [...]<\/p>","protected":false},"author":1,"featured_media":0,"parent":0,"menu_order":0,"comment_status":"closed","ping_status":"closed","template":"","meta":{"_et_pb_use_builder":"on","_et_pb_old_content":"","_et_gb_content_width":"","om_disable_all_campaigns":false,"_monsterinsights_skip_tracking":false,"_monsterinsights_sitenote_active":false,"_monsterinsights_sitenote_note":"","_monsterinsights_sitenote_category":0,"footnotes":"","_joinchat":[]},"aioseo_notices":[],"jetpack_sharing_enabled":true,"_links":{"self":[{"href":"https:\/\/internshipinmexico.com\/es\/wp-json\/wp\/v2\/pages\/245"}],"collection":[{"href":"https:\/\/internshipinmexico.com\/es\/wp-json\/wp\/v2\/pages"}],"about":[{"href":"https:\/\/internshipinmexico.com\/es\/wp-json\/wp\/v2\/types\/page"}],"author":[{"embeddable":true,"href":"https:\/\/internshipinmexico.com\/es\/wp-json\/wp\/v2\/users\/1"}],"replies":[{"embeddable":true,"href":"https:\/\/internshipinmexico.com\/es\/wp-json\/wp\/v2\/comments?post=245"}],"version-history":[{"count":11,"href":"https:\/\/internshipinmexico.com\/es\/wp-json\/wp\/v2\/pages\/245\/revisions"}],"predecessor-version":[{"id":3849,"href":"https:\/\/internshipinmexico.com\/es\/wp-json\/wp\/v2\/pages\/245\/revisions\/3849"}],"wp:attachment":[{"href":"https:\/\/internshipinmexico.com\/es\/wp-json\/wp\/v2\/media?parent=245"}],"curies":[{"name":"wp","href":"https:\/\/api.w.org\/{rel}","templated":true}]}}