{"id":12,"date":"2021-08-08T22:36:33","date_gmt":"2021-08-08T22:36:33","guid":{"rendered":"https:\/\/internshipinmexico.com\/?page_id=12"},"modified":"2023-10-24T07:07:33","modified_gmt":"2023-10-24T13:07:33","slug":"about-internship-in-mexico","status":"publish","type":"page","link":"https:\/\/internshipinmexico.com\/es\/sobre-las-practicas-en-mexico\/","title":{"rendered":"Acerca de"},"content":{"rendered":"<p>[et_pb_section fb_built=\"1\u2033 admin_label=\"H\u00e9roe\" _builder_version=\"4.16\u2033 background_enable_color=\"off\" use_background_color_gradient=\"on\" background_color_gradient_direction=\"60deg\" background_color_gradient_stops=\"rgba(0,0,0,0.4) 0%|rgba(0,0,0,0.4) 100%\" background_color_gradient_overlays_image=\"on\" background_color_gradient_start=\"rgba(0,0,0,0.4)\" background_color_gradient_end=\"rgba(0,0,0,0.4)\" background_image=\"https:\/\/internshipinmexico.com\/wp-content\/uploads\/2021\/08\/alex-zamora-Na23yKyWF5c-unsplash-scaled-1.jpg\" background_position=\"bottom_center\" min_height=\"526px\" custom_padding=\"100px|0px|0px|0px||\" locked=\"off\" global_colors_info=\"{}\"][et_pb_row column_structure=\"1_2,1_2\u2033 _builder_version=\"4.16\u2033 custom_padding=\"|||\" global_colors_info=\"{}\"][et_pb_column type=\"1_2\u2033 _builder_version=\"4.16\u2033 custom_padding=\"||60px|\" global_colors_info=\"{}\" custom_padding__hover=\"|||\"][et_pb_text _builder_version=\"4.16\u2033 text_font=\"Open Sans|600||on|||||\" text_font_size=\"16px\" text_line_height=\"1.8em\" header_font=\"Open Sans|600|||||||\" header_font_size=\"14px\" background_layout=\"dark\" max_width=\"550px\" custom_margin=\"||-6px|||\" custom_padding=\"|||\" global_colors_info=\"{}\"]<\/p>\n<p>Internship in Mexico<\/p>\n<p>[\/et_pb_text][et_pb_text _builder_version=\"4.23\u2033 text_font=\"Open Sans|700|||||||\" text_font_size=\"20px\" text_line_height=\"1.8em\" header_font=\"Poppins|700|||||||\" header_font_size=\"38px\" header_line_height=\"1.4em\" background_layout=\"dark\" max_width=\"550px\" global_colors_info=\"{}\"]<\/p>\n<h1>Sobre nosotros<\/h1>\n<p>Somos la fuerza motriz de los programas que cambian vidas en M\u00e9xico. Con pasi\u00f3n por conectar a estudiantes excepcionales con las mejores empresas, somos tu puerta de entrada a una experiencia en el extranjero.<\/p>\n<p>Obt\u00e9n m\u00e1s informaci\u00f3n sobre tus especialistas en pr\u00e1cticas en M\u00e9xico.<\/p>\n<p>[\/et_pb_text][\/et_pb_column][et_pb_column type=\"1_2\u2033 _builder_version=\"4.16\u2033 custom_padding=\"|||\" global_colors_info=\"{}\" custom_padding__hover=\"|||\"][\/et_pb_column][\/et_pb_row][\/et_pb_section][et_pb_section fb_built=\"1\u2033 _builder_version=\"4.16\u2033 _module_preset=\"default\" global_colors_info=\"{}\"][et_pb_row column_structure=\"1_2,1_2\u2033 _builder_version=\"4.16\u2033 _module_preset=\"default\" global_colors_info=\"{}\"][et_pb_column type=\"1_2\u2033 _builder_version=\"4.16\u2033 _module_preset=\"default\" global_colors_info=\"{}\"][et_pb_column type=\"1_2\u2033 _builder_version=\"4.16\u2033 _module_preset=\"default\" global_colors_info=\"{}\"][et_pb_blurb title=\"Misi\u00f3n\" image=\"https:\/\/internshipinmexico.com\/wp-content\/uploads\/2022\/05\/victor-VTHliTT2XGI-unsplash-1.jpg\" image_icon_width=\"100%\" _builder_version=\"4.23\u2033 _module_preset=\"default\" header_font=\"|800|||||||\" header_font_size=\"18px\" body_font=\"||||||||\" body_font_size=\"18px\" body_line_height=\"1.7em\" image_icon_custom_margin=\"||-8px||false|false\" image_icon_custom_padding=\"|0px|0px||false|false\" border_radii_image=\"on|7px|7px|7px|7px\" global_colors_info=\"{}\"]<\/p>\n<p>Nuestra misi\u00f3n en Internship in Mexico es poner en contacto a estudiantes con excelentes oportunidades de pr\u00e1cticas en empresas seleccionadas de M\u00e9xico. Nos dedicamos a garantizar la satisfacci\u00f3n tanto de los estudiantes como de las empresas asociadas a trav\u00e9s de nuestro concienzudo servicio de colocaci\u00f3n. Buscamos la excelencia y proporcionamos la orientaci\u00f3n esencial para una experiencia extraordinaria e inolvidable en M\u00e9xico.<\/p>\n<p>[\/et_pb_blurb][\/et_pb_column][et_pb_column type=\"1_2\u2033 _builder_version=\"4.16\u2033 _module_preset=\"default\" global_colors_info=\"{}\"][et_pb_blurb title=\"Visi\u00f3n\" image=\"https:\/\/internshipinmexico.com\/wp-content\/uploads\/2022\/05\/emir-saldierna-oHWCOXSYdsg-unsplash1.jpg\" image_icon_width=\"100%\" _builder_version=\"4.23\u2033 _module_preset=\"default\" header_font=\"|800|||||||\" header_font_size=\"18px\" body_font=\"||||||||\" body_font_size=\"18px\" body_line_height=\"1.7em\" image_icon_custom_margin=\"||-8px||false|false\" image_icon_custom_padding=\"|0px|0px||false|false\" hover_enabled=\"0\u2033 border_radii_image=\"on|7px|7px|7px|7px\" global_colors_info=\"{}\" sticky_enabled=\"0\u2033]<\/p>\n<p>Nuestra visi\u00f3n es ser la agencia l\u00edder en ofrecer pr\u00e1cticas de alta calidad en M\u00e9xico a estudiantes de todo el mundo. Nos esforzamos por conectar con \u00e9xito a las mejores empresas con estudiantes de alto nivel. Nuestro profundo compromiso radica en ofrecer a los estudiantes una experiencia inolvidable que les cambie la vida a trav\u00e9s de nuestros programas en M\u00e9xico. Nos centramos en el crecimiento personal y en mejorar las habilidades de nuestros estudiantes, a la vez que los sumergimos en la rica cultura mexicana.<\/p>\n<p>[\/et_pb_blurb][\/et_pb_column][\/et_pb_row][\/et_pb_section][et_pb_section fb_built=\"1\u2033 _builder_version=\"4.16\u2033 _module_preset=\"default\" background_enable_image=\"off\" custom_margin=\"2px|||||\" custom_padding=\"20px|||||\" global_colors_info=\"{}\"][et_pb_row column_structure=\"3_5,2_5\u2033 _builder_version=\"4.16\u2033 _module_preset=\"default\" global_colors_info=\"{}\"][et_pb_column type=\"3_5\u2033 _builder_version=\"4.16\u2033 _module_preset=\"default\" global_colors_info=\"{}\"][et_pb_blurb title=\"Nuestra historia\" image=\"https:\/\/internshipinmexico.com\/wp-content\/uploads\/2021\/08\/Guanajuato-colores.jpg\" image_icon_width=\"100%\" _builder_version=\"4.23\u2033 _module_preset=\"default\" header_font=\"|800|||||||\" header_font_size=\"18px\" body_font=\"||||||||\" body_font_size=\"18px\" body_line_height=\"1.7em\" image_icon_custom_margin=\"||-8px||false|false\" image_icon_custom_padding=\"|0px|0px||false|false\" border_radii_image=\"on|7px|7px|7px|7px\" global_colors_info=\"{}\"]<\/p>\n<p>Internship in Mexico fue iniciada por una holandesa que lleg\u00f3 a M\u00e9xico sin ninguna expectativa. Mientras estudiaba y realizaba sus pr\u00e1cticas en M\u00e9xico, acab\u00f3 enamor\u00e1ndose del pa\u00eds y puso en marcha Internship in Mexico por su cuenta.<\/p>\n<p>En este momento somos dos personas que compartimos la misma pasi\u00f3n por M\u00e9xico. Queremos darte una experiencia inolvidable como la de cualquier otro estudiante de intercambio.<\/p>\n<p>Estar lejos hace que sea complicado encontrar informaci\u00f3n sobre c\u00f3mo es M\u00e9xico. Te ayudaremos a encontrar pr\u00e1cticas, alojamiento y cursos de espa\u00f1ol. Nos aseguraremos de que averig\u00fces todo lo que necesitas saber sobre M\u00e9xico para que puedas estar seguro de tu elecci\u00f3n. Estamos aqu\u00ed para darte consejos y trucos. Estaremos encantados de responder a todas tus preguntas sobre M\u00e9xico y todo lo relacionado con tu viaje.<\/p>\n<p>\u00bfQuieres saber m\u00e1s sobre nosotros? Lee nuestros blogs: <a href=\"https:\/\/internshipinmexico.com\/es\/como-comenzo-la-pasantia-en-mexico\/\" target=\"_blank\" rel=\"noopener\"><em>C\u00f3mo empez\u00f3 Internship in Mexico<\/em><\/a> y <a href=\"https:\/\/internshipinmexico.com\/es\/mi-viaje-y-experiencia-en-el-extranjero\/\" target=\"_blank\" rel=\"noopener\"><em>Mi viaje y experiencia en el extranjero<\/em><\/a>.<\/p>\n<p>[\/et_pb_blurb][\/et_pb_column][et_pb_column type=\"2_5\u2033 _builder_version=\"4.16\u2033 _module_preset=\"default\" global_colors_info=\"{}\"][et_pb_video src=\"https:\/\/www.youtube.com\/watch?v=cmDRtPzb3D0\u2033 image_src=\"https:\/\/internshipinmexico.com\/wp-content\/uploads\/2021\/08\/pexels-mikhail-nilov-6943664-scaled-1.jpg\" _builder_version=\"4.19.4\u2033 _module_preset=\"default\" custom_margin=\"0px||||false|false\" global_colors_info=\"{}\"][\/et_pb_video][et_pb_text _builder_version=\"4.23\u2033 _module_preset=\"default\" text_font=\"||||||||\" text_font_size=\"16px\" text_line_height=\"1.8em\" header_font=\"||||||||\" header_text_align=\"left\" header_2_font=\"Poppins||||||||\" header_2_font_size=\"28px\" header_2_line_height=\"1.4em\" header_3_font=\"||||||||\" module_alignment=\"center\" global_colors_info=\"{}\"]<\/p>\n<h4 style=\"text-align: left;\"><strong>Una vez en M\u00e9xico, nunca querr\u00e1s volver a casa<\/strong><\/h4>\n<h5 style=\"text-align: left;\">M\u00e9xico M\u00e1gico<\/h5>\n<h5 style=\"text-align: left;\"><em>Con cr\u00e9ditos para <a href=\"https:\/\/www.instagram.com\/celiaaiguille\/\" target=\"_blank\" rel=\"noopener noreferrer\">@celiaaiguille<\/a><\/em><\/h5>\n<p>[\/et_pb_text][et_pb_button button_url=\"https:\/\/internshipinmexico.com\/internship-abroad\" url_new_window=\"on\" button_text=\"Busca pr\u00e1cticas\" button_alignment=\"left\" _builder_version=\"4.23\u2033 _module_preset=\"default\" custom_button=\"on\" button_text_size=\"14px\" button_text_color=\"#ffffff\" button_bg_color=\"#2b9cf2\u2033 button_border_width=\"0px\" button_border_radius=\"100px\" button_letter_spacing=\"1px\" button_font=\"Poppins|600||on|||||\" button_use_icon=\"off\" background_layout=\"dark\" custom_padding=\"10px|30px|10px|30px\" animation_style=\"fade\" box_shadow_style=\"preset3\u2033 box_shadow_vertical=\"8px\" box_shadow_color=\"rgba(0,137,242,0.61)\" global_colors_info=\"{}\" button_letter_spacing__hover=\"1px\" button_letter_spacing__hover_enabled=\"on\"][\/et_pb_button][et_pb_button button_url=\"https:\/\/internshipinmexico.com\/international-student-housing\" url_new_window=\"on\" button_text=\"Buscar alojamiento\" button_alignment=\"left\" _builder_version=\"4.23\u2033 _module_preset=\"default\" custom_button=\"on\" button_text_size=\"14px\" button_text_color=\"#ffffff\" button_bg_color=\"#2b9cf2\u2033 button_border_width=\"0px\" button_border_radius=\"100px\" button_letter_spacing=\"1px\" button_font=\"Poppins|600||on|||||\" button_use_icon=\"off\" background_layout=\"dark\" custom_padding=\"10px|30px|10px|30px\" animation_style=\"fade\" box_shadow_style=\"preset3\u2033 box_shadow_vertical=\"8px\" box_shadow_color=\"rgba(0,137,242,0.61)\" global_colors_info=\"{}\" button_letter_spacing__hover=\"1px\" button_letter_spacing__hover_enabled=\"on\"][\/et_pb_button][et_pb_button button_url=\"https:\/\/internshipinmexico.com\/spanish-course\/\" url_new_window=\"on\" button_text=\"Encuentra tu curso de espa\u00f1ol\" button_alignment=\"left\" _builder_version=\"4.23\u2033 _module_preset=\"default\" custom_button=\"on\" button_text_size=\"14px\" button_text_color=\"#ffffff\" button_bg_color=\"#2b9cf2\u2033 button_border_width=\"0px\" button_border_radius=\"100px\" button_letter_spacing=\"1px\" button_font=\"Poppins|600||on|||||\" button_use_icon=\"off\" background_layout=\"dark\" custom_padding=\"10px|30px|10px|30px\" animation_style=\"fade\" box_shadow_style=\"preset3\u2033 box_shadow_vertical=\"8px\" box_shadow_color=\"rgba(0,137,242,0.61)\" global_colors_info=\"{}\" button_letter_spacing__hover=\"1px\" button_letter_spacing__hover_enabled=\"on\"][\/et_pb_button][\/et_pb_column][\/et_pb_row][\/et_pb_section]<\/p>","protected":false},"excerpt":{"rendered":"<p>Internship in MexicoASobre nosotros Somos la fuerza impulsora de los programas que cambian vidas en M\u00e9xico. Con una pasi\u00f3n por conectar a estudiantes excepcionales con las mejores empresas, somos tu puerta de entrada a una experiencia en el extranjero. Conoce m\u00e1s sobre tus especialistas en pr\u00e1cticas en M\u00e9xico.Nuestra misi\u00f3n en Internship in Mexico es conectar a estudiantes con excelentes oportunidades de pr\u00e1cticas en [...]<\/p>","protected":false},"author":2,"featured_media":0,"parent":0,"menu_order":0,"comment_status":"closed","ping_status":"closed","template":"","meta":{"_et_pb_use_builder":"on","_et_pb_old_content":"","_et_gb_content_width":"","om_disable_all_campaigns":false,"_monsterinsights_skip_tracking":false,"_monsterinsights_sitenote_active":false,"_monsterinsights_sitenote_note":"","_monsterinsights_sitenote_category":0,"footnotes":"","_joinchat":{"telephone":"+3162600023"}},"aioseo_notices":[],"jetpack_sharing_enabled":true,"_links":{"self":[{"href":"https:\/\/internshipinmexico.com\/es\/wp-json\/wp\/v2\/pages\/12"}],"collection":[{"href":"https:\/\/internshipinmexico.com\/es\/wp-json\/wp\/v2\/pages"}],"about":[{"href":"https:\/\/internshipinmexico.com\/es\/wp-json\/wp\/v2\/types\/page"}],"author":[{"embeddable":true,"href":"https:\/\/internshipinmexico.com\/es\/wp-json\/wp\/v2\/users\/2"}],"replies":[{"embeddable":true,"href":"https:\/\/internshipinmexico.com\/es\/wp-json\/wp\/v2\/comments?post=12"}],"version-history":[{"count":40,"href":"https:\/\/internshipinmexico.com\/es\/wp-json\/wp\/v2\/pages\/12\/revisions"}],"predecessor-version":[{"id":2699,"href":"https:\/\/internshipinmexico.com\/es\/wp-json\/wp\/v2\/pages\/12\/revisions\/2699"}],"wp:attachment":[{"href":"https:\/\/internshipinmexico.com\/es\/wp-json\/wp\/v2\/media?parent=12"}],"curies":[{"name":"wp","href":"https:\/\/api.w.org\/{rel}","templated":true}]}}